{"id":1180,"date":"2014-11-28T16:02:44","date_gmt":"2014-11-28T15:02:44","guid":{"rendered":"http:\/\/www.cruet.fr\/?page_id=1180"},"modified":"2026-04-30T16:56:34","modified_gmt":"2026-04-30T14:56:34","slug":"mentions-legales","status":"publish","type":"page","link":"https:\/\/www.cruet.fr\/?page_id=1180","title":{"rendered":"Mentions l\u00e9gales"},"content":{"rendered":"<h1>Site officiel de la commune de Cruet<\/h1>\n<p>Mairie<br \/>\n100 rue de la Croix de l&rsquo;Ormaie<br \/>\n73800 Cruet<br \/>\nT\u00e9l. : 04 79 84 29 62<\/p>\n<ul>\n<li><strong>Directeur de la Communication<\/strong> : <span style=\"color: #fa5705;\">Jean-Michel Blondet, maire<\/span><\/li>\n<li><strong>Comit\u00e9 de pilotage, animation \u00e9ditoriale, gestion et mises \u00e0 jour<\/strong> : <span style=\"color: #fa5705;\">Commission \u00ab\u00a0Communication\u00a0\u00bb de la mairie de Cruet<\/span><\/li>\n<li><strong>R\u00e9alisation graphique et technique : <\/strong>David de Bruyne, administrateur du site web<strong><br \/>\n<\/strong><\/li>\n<li><strong>H\u00e9bergement<\/strong> : <a href=\"http:\/\/www.gandi.net\" target=\"_blank\" rel=\"noopener noreferrer\">www.gandi.net<\/a><\/li>\n<li><strong>Photographies<\/strong> : Mairie de Cruet<\/li>\n<\/ul>\n<h1>Avertissement<\/h1>\n<p style=\"text-align: justify;\">Les donn\u00e9es disponibles sur le site sont cens\u00e9es \u00eatre correctes et font l&rsquo;objet de mises \u00e0 jour r\u00e9guli\u00e8res. La commune de Cruet ne peut \u00eatre tenu responsable d&rsquo;\u00e9ventuelles erreurs contenues dans ces informations ni des dommages, quelle qu&rsquo;en soit la nature, pouvant, le cas \u00e9ch\u00e9ant, en r\u00e9sulter du fait de leur caract\u00e8re inexact. Le site renvoie parfois \u00e0 des sites ext\u00e9rieurs sur lesquels la commune de Cruet n&rsquo;a aucun contr\u00f4le et pour lesquels il d\u00e9cline toute responsabilit\u00e9. La commune de Cruet d\u00e9cline toute responsabilit\u00e9 en cas de retard, d\u2019erreur ou d\u2019omission quant au contenu des pr\u00e9sentes pages de m\u00eame qu\u2019en cas d\u2019interruption ou d\u2019indisponibilit\u00e9 du service. \u00c0 ce titre la responsabilit\u00e9 de la commune de Cruet ne saurait en aucun cas \u00eatre retenue lors de dommages indirects quels qu\u2019ils soient.<\/p>\n<h2 style=\"text-align: justify;\">Etablissements de liens<\/h2>\n<p style=\"text-align: justify;\">La commune de Cruet autorise la mise en place d\u2019un lien hypertexte pour tous les sites Internet, \u00e0 l\u2019exclusion de ceux diffusant des informations \u00e0 caract\u00e8re pol\u00e9mique, pornographique, x\u00e9nophobe ou pouvant, dans une plus large mesure porter atteinte \u00e0 la sensibilit\u00e9 du plus grand nombre. Le lien doit aboutir \u00e0 la page d\u2019accueil du site (home page) et le site doit appara\u00eetre dans une nouvelle fen\u00eatre. Les pages du site ne doivent en aucun cas \u00eatre int\u00e9gr\u00e9es \u00e0 l\u2019int\u00e9rieur des pages d\u2019un autre site (Frame). Sauf autorisation sp\u00e9cifique qui pourra \u00eatre accord\u00e9e au cas par cas, la technique du lien profond est totalement interdite. La demande d\u2019\u00e9tablissement de lien hypertexte \u00e0 partir du site de la commune de Cruet doit \u00eatre faite par le formulaire de contact. Dans tous les cas, la commune de Cruet se r\u00e9serve le droit de demander la suppression d\u2019un lien si elle estime que le site cible ne respecte pas les r\u00e8gles ainsi d\u00e9finies.<\/p>\n<h2 style=\"text-align: justify;\">Liens vers des sites tiers<\/h2>\n<p style=\"text-align: justify;\">La commune de Cruet se r\u00e9serve le droit de \u2018pointer\u2019 vers des sites tiers. Les sites cibles ne sont pas sous le contr\u00f4le de la commune de Cruet. Par cons\u00e9quent cette derni\u00e8re n\u2019est pas responsable du contenu de ces sites, des liens qu\u2019ils contiennent ni des changements ou mises \u00e0 jour qui leur sont apport\u00e9s.<\/p>\n<h2 style=\"text-align: justify;\">Donn\u00e9es personnelles<\/h2>\n<p style=\"text-align: justify;\">Le site de la commune de Cruet est d\u00e9clar\u00e9 aupr\u00e8s de la CNIL sous le num\u00e9ro 1434755. Les donn\u00e9es personnelles recueillies sur le site r\u00e9sultent de la communication volontaire d&rsquo;une adresse de courrier \u00e9lectronique lors du d\u00e9p\u00f4t d&rsquo;un message \u00e9lectronique ou lors de l&rsquo;inscription \u00e0 la lettre d&rsquo;information. Les adresses \u00e9lectroniques ainsi recueillies ne servent qu\u2019\u00e0 transmettre les \u00e9l\u00e9ments d\u2019information demand\u00e9s. Les adresses \u00e9lectroniques collect\u00e9es ne feront l\u2019objet d\u2019aucune cession \u00e0 des tiers ni d\u2019aucun traitement de la part de la commune de Cruet. La commune de Cruet n\u2019utilise pas de proc\u00e9d\u00e9s de collecte automatis\u00e9e de donn\u00e9es (cookies, applet java ou active X). Nous respectons votre vie priv\u00e9e. Conform\u00e9ment \u00e0 la loi \u00ab informatique et libert\u00e9s \u00bb du 6 janvier 1978 modifi\u00e9e en 2004, vous b\u00e9n\u00e9ficiez d\u2019un droit d\u2019acc\u00e8s et de rectification aux informations qui vous concernent, que vous pouvez exercer en vous adressant \u00e0 <a href=\"mailto:mairie@cruet.fr\" target=\"_blank\" rel=\"noopener noreferrer\">mairie(a)cruet.fr<\/a><\/p>\n<h2 style=\"text-align: justify;\">Droit d&rsquo;auteur<\/h2>\n<p style=\"text-align: justify;\">\u00a9 www.cruet.fr<\/p>\n<p style=\"text-align: justify;\">Par exception, certains contenus (photos) sont la propri\u00e9t\u00e9 de leurs auteurs respectifs. La repr\u00e9sentation, diffusion ou rediffusion, en tout ou en partie, du contenu de ce site, la reproduction de ces informations est autoris\u00e9e \u00e0 des fins non commerciales sous r\u00e9serve de l&rsquo;acceptation de l&rsquo;auteur et \u00e0 condition que la source soit mentionn\u00e9e.<\/p>\n<p style=\"text-align: justify;\">Le fait d&rsquo;acc\u00e9der au site ne donne pas le droit de l&rsquo;utiliser sans l&rsquo;accord de la mairie de Cruet. Toute utilisation des ressources (mise en page, fonds, structure, cartographies, iconographies) pr\u00e9sentes sur ce site doit faire l&rsquo;objet d&rsquo;une demande pr\u00e9alable \u00e0 la mairie de Cruet.<\/p>\n<p style=\"text-align: justify;\">Toutes personne ne respectant pas les dispositions l\u00e9gales applicables se rend coupable du d\u00e9lit de contrefa\u00e7on et est passible des sanctions p\u00e9nales pr\u00e9vues par la loi.<\/p>\n","protected":false},"excerpt":{"rendered":"<p>Site officiel de la commune de Cruet Mairie 100 rue de la Croix de l&rsquo;Ormaie 73800 Cruet T\u00e9l. : 04 79 84 29 62 Directeur &hellip;<\/p>\n","protected":false},"author":2,"featured_media":0,"parent":0,"menu_order":0,"comment_status":"closed","ping_status":"closed","template":"","meta":{"footnotes":""},"class_list":["post-1180","page","type-page","status-publish","hentry"],"_links":{"self":[{"href":"https:\/\/www.cruet.fr\/index.php?rest_route=\/wp\/v2\/pages\/1180","targetHints":{"allow":["GET"]}}],"collection":[{"href":"https:\/\/www.cruet.fr\/index.php?rest_route=\/wp\/v2\/pages"}],"about":[{"href":"https:\/\/www.cruet.fr\/index.php?rest_route=\/wp\/v2\/types\/page"}],"author":[{"embeddable":true,"href":"https:\/\/www.cruet.fr\/index.php?rest_route=\/wp\/v2\/users\/2"}],"replies":[{"embeddable":true,"href":"https:\/\/www.cruet.fr\/index.php?rest_route=%2Fwp%2Fv2%2Fcomments&post=1180"}],"version-history":[{"count":1,"href":"https:\/\/www.cruet.fr\/index.php?rest_route=\/wp\/v2\/pages\/1180\/revisions"}],"predecessor-version":[{"id":5841,"href":"https:\/\/www.cruet.fr\/index.php?rest_route=\/wp\/v2\/pages\/1180\/revisions\/5841"}],"wp:attachment":[{"href":"https:\/\/www.cruet.fr\/index.php?rest_route=%2Fwp%2Fv2%2Fmedia&parent=1180"}],"curies":[{"name":"wp","href":"https:\/\/api.w.org\/{rel}","templated":true}]}}