{"id":1202,"date":"2014-12-01T11:20:40","date_gmt":"2014-12-01T10:20:40","guid":{"rendered":"http:\/\/www.cruet.fr\/?page_id=1202"},"modified":"2022-04-05T09:26:09","modified_gmt":"2022-04-05T07:26:09","slug":"vos-demarches","status":"publish","type":"page","link":"https:\/\/www.cruet.fr\/?page_id=1202","title":{"rendered":"Les d\u00e9marches administratives"},"content":{"rendered":"\n<p style=\"text-align: left;\">Les informations propos\u00e9es dans cette rubrique sont automatiquement fournies par les services du Gouvernement via le site <a href=\"http:\/\/www.service-public.fr\" target=\"_blank\" rel=\"noopener noreferrer\">service-public.fr<\/a><\/p>\n<p style=\"text-align: left;\">Pour consulter le guide des d\u00e9marches, choisissez votre recherche.<\/p>\n<p><span style=\"color: #fa5705;\"><strong>CITOYENNET\u00c9 : <\/strong><\/span><a style=\"font-size: inherit;\" href=\"https:\/\/www.service-public.fr\/particuliers\/vosdroits\/N19810\" target=\"_blank\" rel=\"noopener noreferrer\">\u00c9tat-civil, Passeport, \u00c9lections, Carte d&rsquo;identit\u00e9\u2026<\/a><\/p>\n<p><span style=\"color: #fa5705;\"><strong>FAMILLE : <\/strong><\/span><a style=\"font-size: inherit;\" href=\"https:\/\/www.service-public.fr\/particuliers\/vosdroits\/N19805\" target=\"_blank\" rel=\"noopener noreferrer\">Naissance, Mariage, Pacs, Scolarit\u00e9\u2026<\/a><\/p>\n<p><span style=\"color: #fa5705;\"><strong>SOCIAL-SANT\u00c9 : <\/strong><\/span><a style=\"font-size: inherit;\" href=\"https:\/\/www.service-public.fr\/particuliers\/vosdroits\/N19811\" target=\"_blank\" rel=\"noopener noreferrer\">Handicap, Personnes \u00e2g\u00e9es\u2026<\/a><\/p>\n<p><span style=\"color: #fa5705;\"><strong>LOGEMENT : <\/strong><\/span><a style=\"font-size: inherit;\" href=\"https:\/\/www.service-public.fr\/particuliers\/vosdroits\/N19808\" target=\"_blank\" rel=\"noopener noreferrer\">Permis de construire, Logement social, Fin de bail<\/a><\/p>\n<p><span style=\"color: #fa5705;\"><strong>TRANSPORTS :\u00a0<\/strong><\/span><a style=\"font-size: inherit;\" href=\"https:\/\/www.service-public.fr\/particuliers\/vosdroits\/N19812\" target=\"_blank\" rel=\"noopener noreferrer\">Carte grise, Permis de conduire\u2026<\/a><\/p>\n<p><span style=\"color: #fa5705;\"><strong>JUSTICE :\u00a0<\/strong><\/span><a style=\"font-size: inherit;\" href=\"https:\/\/www.service-public.fr\/particuliers\/vosdroits\/N19807\" target=\"_blank\" rel=\"noopener noreferrer\">Casier judiciaire, Plainte, Aide juridictionnelle, Saisie\u2026<\/a><\/p>\n<p><span style=\"color: #fa5705;\"><strong>LOISIRS :\u00a0<\/strong><\/span><a style=\"font-size: inherit;\" href=\"https:\/\/www.service-public.fr\/particuliers\/vosdroits\/N19809\" target=\"_blank\" rel=\"noopener noreferrer\">Animaux, Permis bateau, Tourisme, Permis de chasser\u2026\u00a0<\/a><\/p>\n","protected":false},"excerpt":{"rendered":"<p>Les informations propos\u00e9es dans cette rubrique sont automatiquement fournies par les services du Gouvernement via le site service-public.fr Pour consulter le guide des d\u00e9marches, choisissez &hellip;<\/p>\n","protected":false},"author":2,"featured_media":0,"parent":0,"menu_order":0,"comment_status":"closed","ping_status":"closed","template":"","meta":{"footnotes":""},"class_list":["post-1202","page","type-page","status-publish","hentry"],"_links":{"self":[{"href":"https:\/\/www.cruet.fr\/index.php?rest_route=\/wp\/v2\/pages\/1202","targetHints":{"allow":["GET"]}}],"collection":[{"href":"https:\/\/www.cruet.fr\/index.php?rest_route=\/wp\/v2\/pages"}],"about":[{"href":"https:\/\/www.cruet.fr\/index.php?rest_route=\/wp\/v2\/types\/page"}],"author":[{"embeddable":true,"href":"https:\/\/www.cruet.fr\/index.php?rest_route=\/wp\/v2\/users\/2"}],"replies":[{"embeddable":true,"href":"https:\/\/www.cruet.fr\/index.php?rest_route=%2Fwp%2Fv2%2Fcomments&post=1202"}],"version-history":[{"count":0,"href":"https:\/\/www.cruet.fr\/index.php?rest_route=\/wp\/v2\/pages\/1202\/revisions"}],"wp:attachment":[{"href":"https:\/\/www.cruet.fr\/index.php?rest_route=%2Fwp%2Fv2%2Fmedia&parent=1202"}],"curies":[{"name":"wp","href":"https:\/\/api.w.org\/{rel}","templated":true}]}}