{"id":22,"date":"2014-09-12T14:20:42","date_gmt":"2014-09-12T13:20:42","guid":{"rendered":"http:\/\/www.cruet.fr\/?page_id=22"},"modified":"2026-03-22T12:07:21","modified_gmt":"2026-03-22T11:07:21","slug":"la-mairie","status":"publish","type":"page","link":"https:\/\/www.cruet.fr\/?page_id=22","title":{"rendered":"Vos \u00e9lus"},"content":{"rendered":"<h2><span style=\"color: #ff6600;\">Le maire et les adjoints<\/span><\/h2>\n<table style=\"width: 92.3452%; height: 347px;\">\n<tbody>\n<tr style=\"height: 169px;\">\n<td style=\"height: 169px;\"><img loading=\"lazy\" decoding=\"async\" class=\"alignnone size-full wp-image-5739\" src=\"https:\/\/www.cruet.fr\/wp-content\/uploads\/JMB_v.jpg\" alt=\"\" width=\"120\" height=\"160\" \/><\/td>\n<td style=\"height: 169px;\"><\/td>\n<td style=\"height: 169px;\"><\/td>\n<td style=\"height: 169px;\"><\/td>\n<\/tr>\n<tr style=\"height: 10px;\">\n<td style=\"height: 10px;\" colspan=\"4\"><span style=\"color: #000000;\"><strong>Jean-Michel Blondet<\/strong>, Maire<\/span><\/td>\n<\/tr>\n<tr style=\"height: 168px;\">\n<td style=\"height: 168px;\"><img loading=\"lazy\" decoding=\"async\" class=\"alignnone size-full wp-image-5738\" src=\"https:\/\/www.cruet.fr\/wp-content\/uploads\/GC_v.jpg\" alt=\"\" width=\"120\" height=\"160\" \/><\/td>\n<td style=\"height: 168px;\"><img loading=\"lazy\" decoding=\"async\" class=\"alignnone size-full wp-image-5731\" src=\"https:\/\/www.cruet.fr\/wp-content\/uploads\/AB_v.jpg\" alt=\"\" width=\"120\" height=\"160\" \/><\/td>\n<td style=\"height: 168px;\"><img loading=\"lazy\" decoding=\"async\" class=\"alignnone wp-image-5735 size-full\" src=\"https:\/\/www.cruet.fr\/wp-content\/uploads\/DDB_v.jpg\" alt=\"\" width=\"120\" height=\"160\" \/><\/td>\n<td style=\"height: 168px;\"><img loading=\"lazy\" decoding=\"async\" class=\"alignnone size-full wp-image-5753\" src=\"https:\/\/www.cruet.fr\/wp-content\/uploads\/MHP2_v.jpg\" alt=\"\" width=\"120\" height=\"160\" \/><\/td>\n<\/tr>\n<\/tbody>\n<\/table>\n<p><span style=\"color: #000000;\"><strong>Guillaume Cloniet<\/strong>, 1er adjoint, adjoint aux travaux<\/span><\/p>\n<p><span style=\"color: #000000;\"><strong>Alexandra Barr\u00e9<\/strong>, adjointe \u00e0 la vie locale et \u00e0 la vie scolaire<\/span><\/p>\n<p><span style=\"color: #000000;\"><strong>David de Bruyne<\/strong>, adjoint \u00e0 l&rsquo;urbanisme et \u00e0 la communication<\/span><\/p>\n<p><span style=\"color: #000000;\"><strong>Marie-H\u00e9l\u00e8ne Plaveret<\/strong>, adjointe au d\u00e9veloppement durable et au cadre de vie<\/span><\/p>\n<h2><span style=\"color: #ff6600;\">Les conseillers municipaux<\/span><\/h2>\n<p>\u200b<\/p>\n<table style=\"width: 92%; height: 613px;\">\n<tbody>\n<tr style=\"height: 168px;\">\n<td style=\"height: 165px;\"><img loading=\"lazy\" decoding=\"async\" class=\"alignnone size-full wp-image-5741\" src=\"https:\/\/www.cruet.fr\/wp-content\/uploads\/MG_v.jpg\" alt=\"\" width=\"120\" height=\"160\" \/><\/td>\n<td style=\"height: 165px;\"><img loading=\"lazy\" decoding=\"async\" class=\"alignnone size-full wp-image-5743\" src=\"https:\/\/www.cruet.fr\/wp-content\/uploads\/PC_v.jpg\" alt=\"\" width=\"120\" height=\"160\" \/><\/td>\n<td style=\"height: 165px;\"><img loading=\"lazy\" decoding=\"async\" class=\"alignnone size-full wp-image-5737\" src=\"https:\/\/www.cruet.fr\/wp-content\/uploads\/GB_v.jpg\" alt=\"\" width=\"120\" height=\"160\" \/><\/td>\n<td style=\"height: 165px;\"><img loading=\"lazy\" decoding=\"async\" class=\"alignnone size-full wp-image-5733\" src=\"https:\/\/www.cruet.fr\/wp-content\/uploads\/CA_v.jpg\" alt=\"\" width=\"120\" height=\"160\" \/><\/td>\n<\/tr>\n<tr style=\"height: 44px;\">\n<td style=\"text-align: center; height: 40px;\"><strong>Mich\u00e8le<\/strong><br \/>\n<strong>Goujon<\/strong><\/td>\n<td style=\"text-align: center; height: 40px;\"><strong>Patrick<\/strong><br \/>\n<strong>Charmet<\/strong><\/td>\n<td style=\"text-align: center; height: 40px;\"><strong>G\u00e9raldine<\/strong><br \/>\n<strong>Berthier<\/strong><\/td>\n<td style=\"text-align: center; height: 40px;\"><strong>Christophe<br \/>\nAraldi<\/strong><\/td>\n<\/tr>\n<tr style=\"height: 168px;\">\n<td style=\"height: 165px;\"><img loading=\"lazy\" decoding=\"async\" class=\"alignnone size-full wp-image-5734\" src=\"https:\/\/www.cruet.fr\/wp-content\/uploads\/CP_v.jpg\" alt=\"\" width=\"120\" height=\"160\" \/><\/td>\n<td style=\"height: 165px;\"><img loading=\"lazy\" decoding=\"async\" class=\"alignnone size-full wp-image-5744\" src=\"https:\/\/www.cruet.fr\/wp-content\/uploads\/PYD_v.jpg\" alt=\"\" width=\"120\" height=\"160\" \/><\/td>\n<td style=\"height: 165px;\"><img loading=\"lazy\" decoding=\"async\" class=\"alignnone size-full wp-image-5745\" src=\"https:\/\/www.cruet.fr\/wp-content\/uploads\/TS_v.jpg\" alt=\"\" width=\"120\" height=\"160\" \/><\/td>\n<td style=\"height: 165px;\"><a href=\"https:\/\/www.cruet.fr\/?attachment_id=3505\"><img loading=\"lazy\" decoding=\"async\" class=\"alignnone size-full wp-image-5732\" src=\"https:\/\/www.cruet.fr\/wp-content\/uploads\/AG_v.jpg\" alt=\"\" width=\"120\" height=\"160\" \/><\/a><\/td>\n<\/tr>\n<tr style=\"height: 24px;\">\n<td style=\"text-align: center; height: 39px;\"><strong>Cyrielle<\/strong><br \/>\n<strong>Piron<\/strong><\/td>\n<td style=\"text-align: center; height: 39px;\"><strong>Pierre-Yves<\/strong><br \/>\n<strong>Dubart<\/strong><\/td>\n<td style=\"text-align: center; height: 39px;\"><strong>Tiphaine<br \/>\nSanrey-Delenne<\/strong><\/td>\n<td style=\"text-align: center; height: 39px;\"><strong>Anthony<\/strong><br \/>\n<strong>Grand<\/strong><\/td>\n<\/tr>\n<tr style=\"height: 162px;\" data-wp-editing=\"1\">\n<td style=\"height: 165px;\"><img loading=\"lazy\" decoding=\"async\" class=\"alignnone size-full wp-image-5736\" src=\"https:\/\/www.cruet.fr\/wp-content\/uploads\/EL_v.jpg\" alt=\"\" width=\"120\" height=\"160\" \/><\/td>\n<td style=\"height: 165px;\"><img loading=\"lazy\" decoding=\"async\" class=\"alignnone size-full wp-image-5740\" src=\"https:\/\/www.cruet.fr\/wp-content\/uploads\/JPG_v.jpg\" alt=\"\" width=\"120\" height=\"160\" \/><\/td>\n<td style=\"height: 165px;\"><\/td>\n<td style=\"height: 165px;\"><\/td>\n<\/tr>\n<tr style=\"height: 10px;\">\n<td style=\"text-align: center; height: 39px;\"><strong>Evelyne<\/strong><br \/>\n<strong>Lesueur<\/strong><\/td>\n<td style=\"text-align: center; height: 39px;\"><strong>Jean-Pierre<\/strong><br \/>\n<strong>Gaillard<\/strong><\/td>\n<td style=\"height: 39px;\"><\/td>\n<td style=\"height: 39px;\"><\/td>\n<\/tr>\n<\/tbody>\n<\/table>\n<h2><span style=\"color: #ff6600;\">Les conseillers communautaires<\/span><\/h2>\n<table style=\"width: 267px;\">\n<tbody>\n<tr>\n<td><img loading=\"lazy\" decoding=\"async\" class=\"alignnone size-full wp-image-5739\" src=\"https:\/\/www.cruet.fr\/wp-content\/uploads\/JMB_v.jpg\" alt=\"\" width=\"120\" height=\"160\" \/><\/td>\n<td><img loading=\"lazy\" decoding=\"async\" class=\"alignnone size-full wp-image-5753\" src=\"https:\/\/www.cruet.fr\/wp-content\/uploads\/MHP2_v.jpg\" alt=\"\" width=\"120\" height=\"160\" \/><\/td>\n<\/tr>\n<tr>\n<td style=\"text-align: center;\"><strong>Jean-Michel Blondet<\/strong><\/td>\n<td style=\"text-align: center;\"><strong>Marie-H\u00e9l\u00e8ne Plaveret<\/strong><\/td>\n<\/tr>\n<\/tbody>\n<\/table>\n","protected":false},"excerpt":{"rendered":"<p>Le maire et les adjoints Jean-Michel Blondet, Maire Guillaume Cloniet, 1er adjoint, adjoint aux travaux Alexandra Barr\u00e9, adjointe \u00e0 la vie locale et \u00e0 la &hellip;<\/p>\n","protected":false},"author":2,"featured_media":0,"parent":0,"menu_order":0,"comment_status":"closed","ping_status":"closed","template":"","meta":{"footnotes":""},"class_list":["post-22","page","type-page","status-publish","hentry"],"_links":{"self":[{"href":"https:\/\/www.cruet.fr\/index.php?rest_route=\/wp\/v2\/pages\/22","targetHints":{"allow":["GET"]}}],"collection":[{"href":"https:\/\/www.cruet.fr\/index.php?rest_route=\/wp\/v2\/pages"}],"about":[{"href":"https:\/\/www.cruet.fr\/index.php?rest_route=\/wp\/v2\/types\/page"}],"author":[{"embeddable":true,"href":"https:\/\/www.cruet.fr\/index.php?rest_route=\/wp\/v2\/users\/2"}],"replies":[{"embeddable":true,"href":"https:\/\/www.cruet.fr\/index.php?rest_route=%2Fwp%2Fv2%2Fcomments&post=22"}],"version-history":[{"count":0,"href":"https:\/\/www.cruet.fr\/index.php?rest_route=\/wp\/v2\/pages\/22\/revisions"}],"wp:attachment":[{"href":"https:\/\/www.cruet.fr\/index.php?rest_route=%2Fwp%2Fv2%2Fmedia&parent=22"}],"curies":[{"name":"wp","href":"https:\/\/api.w.org\/{rel}","templated":true}]}}