{"id":2254,"date":"2017-01-13T15:59:39","date_gmt":"2017-01-13T14:59:39","guid":{"rendered":"http:\/\/www.cruet.fr\/?page_id=2254"},"modified":"2024-11-07T00:57:08","modified_gmt":"2024-11-06T23:57:08","slug":"bibliotheque-municipale","status":"publish","type":"page","link":"https:\/\/www.cruet.fr\/?page_id=2254","title":{"rendered":"La biblioth\u00e8que municipale"},"content":{"rendered":"<p style=\"text-align: justify;\">Pr\u00eat d\u2019ouvrages et documents sonores vari\u00e9s. Gratuit, pour tous les \u00e2ges<\/p>\n<blockquote>\n<p><a href=\"https:\/\/mediathequedecruet.bibenligne.fr\/\" target=\"_blank\" rel=\"noopener\">Portail de la biblioth\u00e8que<\/a><\/p>\n<\/blockquote>\n<h3 style=\"text-align: justify;\"><span style=\"color: #fa5705;\">Ouverture<\/span><\/h3>\n<ul>\n<li><span style=\"color: #fa5705;\">le mardi de 16h \u00e0 18h,<\/span><\/li>\n<li><span style=\"color: #fa5705;\">le mercredi de 10h \u00e0 12h,<\/span><\/li>\n<li><span style=\"color: #ff6600;\">le vendredi de 16h30 \u00e0 18h30,<\/span><\/li>\n<li style=\"text-align: justify;\"><span style=\"color: #fa5705;\">le samedi de 10h \u00e0 12h.<\/span><\/li>\n<\/ul>\n<p><span style=\"font-size: inherit; text-align: justify;\">T\u00e9l. 04 79 75 06 86<\/span><\/p>\n<p style=\"text-align: justify;\">Possibilit\u00e9 de r\u00e9server des ouvrages sp\u00e9cifiques : <a href=\"https:\/\/www.biblio7374.fr\/\" target=\"_blank\" rel=\"noopener noreferrer\">www.savoie-biblio.com<\/a><\/p>\n\n","protected":false},"excerpt":{"rendered":"<p>Pr\u00eat d\u2019ouvrages et documents sonores vari\u00e9s. Gratuit, pour tous les \u00e2ges Portail de la biblioth\u00e8que Ouverture le mardi de 16h \u00e0 18h, le mercredi de &hellip;<\/p>\n","protected":false},"author":2,"featured_media":0,"parent":0,"menu_order":0,"comment_status":"closed","ping_status":"closed","template":"","meta":{"footnotes":""},"class_list":["post-2254","page","type-page","status-publish","hentry"],"_links":{"self":[{"href":"https:\/\/www.cruet.fr\/index.php?rest_route=\/wp\/v2\/pages\/2254","targetHints":{"allow":["GET"]}}],"collection":[{"href":"https:\/\/www.cruet.fr\/index.php?rest_route=\/wp\/v2\/pages"}],"about":[{"href":"https:\/\/www.cruet.fr\/index.php?rest_route=\/wp\/v2\/types\/page"}],"author":[{"embeddable":true,"href":"https:\/\/www.cruet.fr\/index.php?rest_route=\/wp\/v2\/users\/2"}],"replies":[{"embeddable":true,"href":"https:\/\/www.cruet.fr\/index.php?rest_route=%2Fwp%2Fv2%2Fcomments&post=2254"}],"version-history":[{"count":0,"href":"https:\/\/www.cruet.fr\/index.php?rest_route=\/wp\/v2\/pages\/2254\/revisions"}],"wp:attachment":[{"href":"https:\/\/www.cruet.fr\/index.php?rest_route=%2Fwp%2Fv2%2Fmedia&parent=2254"}],"curies":[{"name":"wp","href":"https:\/\/api.w.org\/{rel}","templated":true}]}}