{"id":24,"date":"2014-09-12T14:21:06","date_gmt":"2014-09-12T13:21:06","guid":{"rendered":"http:\/\/www.cruet.fr\/?page_id=24"},"modified":"2026-02-02T11:41:13","modified_gmt":"2026-02-02T10:41:13","slug":"bulletins-municipaux","status":"publish","type":"page","link":"https:\/\/www.cruet.fr\/?page_id=24","title":{"rendered":"Les bulletins"},"content":{"rendered":"<p style=\"text-align: justify;\">Vous aurez besoin d&rsquo;un logiciel permettant la lecture de fichiers PDF. Vous pouvez t\u00e9l\u00e9charger gratuitement Acrobat Reader <a href=\"http:\/\/get.adobe.com\/fr\/reader\/\" target=\"_blank\" rel=\"noopener noreferrer\">\u00e0 cette adresse<\/a>.<\/p>\n<p style=\"text-align: justify;\">Pour les bulletins \u00e0 venir, n\u2019h\u00e9sitez pas \u00e0 nous faire part de vos remarques en utilisant <a title=\"Nous contacter\" href=\"https:\/\/www.cruet.fr\/?page_id=571\">le formulaire de contact<\/a>.<\/p>\n<h2><span style=\"color: #ff6600;\">2026<\/span><\/h2>\n<table style=\"width: 100%; height: 198px;\" width=\"523\">\n<tbody>\n<tr style=\"height: 198px;\">\n<td style=\"background-color: #d4d4d4; height: 198px;\">\n<p><figure id=\"attachment_5683\" aria-describedby=\"caption-attachment-5683\" style=\"width: 140px\" class=\"wp-caption alignnone\"><a href=\"https:\/\/www.cruet.fr\/wp-content\/uploads\/BULLETIN-MUNICIPAL2026_HD.pdf\" target=\"_blank\" rel=\"noopener\"><img loading=\"lazy\" decoding=\"async\" class=\"wp-image-5683\" src=\"https:\/\/www.cruet.fr\/wp-content\/uploads\/2026_v-724x1024.jpg\" alt=\"Bulletin annuel 2026\" width=\"140\" height=\"198\" srcset=\"https:\/\/www.cruet.fr\/wp-content\/uploads\/2026_v-724x1024.jpg 724w, https:\/\/www.cruet.fr\/wp-content\/uploads\/2026_v-212x300.jpg 212w, https:\/\/www.cruet.fr\/wp-content\/uploads\/2026_v-768x1086.jpg 768w, https:\/\/www.cruet.fr\/wp-content\/uploads\/2026_v-1086x1536.jpg 1086w, https:\/\/www.cruet.fr\/wp-content\/uploads\/2026_v-1448x2048.jpg 1448w, https:\/\/www.cruet.fr\/wp-content\/uploads\/2026_v-scaled.jpg 1810w\" sizes=\"auto, (max-width: 140px) 100vw, 140px\" \/><\/a><figcaption id=\"caption-attachment-5683\" class=\"wp-caption-text\">Bulletin annuel<\/figcaption><\/figure><\/td>\n<td style=\"background-color: #d4d4d4; height: 198px;\"><\/td>\n<\/tr>\n<\/tbody>\n<\/table>\n<h2><span style=\"color: #ff6600;\">2025<\/span><\/h2>\n<table style=\"width: 100%; height: 198px;\" width=\"523\">\n<tbody>\n<tr style=\"height: 198px;\">\n<td style=\"background-color: #d4d4d4; height: 198px;\">\n<p><figure id=\"attachment_5347\" aria-describedby=\"caption-attachment-5347\" style=\"width: 140px\" class=\"wp-caption alignnone\"><a href=\"https:\/\/www.cruet.fr\/wp-content\/uploads\/BulletinMunicipal-2025.pdf\" target=\"_blank\" rel=\"noopener\"><img loading=\"lazy\" decoding=\"async\" class=\"wp-image-5347 size-full\" src=\"https:\/\/www.cruet.fr\/wp-content\/uploads\/BulletinMunicipal-2025_v.jpg\" alt=\"Bulletin annuel 2025\" width=\"140\" height=\"198\" \/><\/a><figcaption id=\"caption-attachment-5347\" class=\"wp-caption-text\">Bulletin annuel<\/figcaption><\/figure><\/td>\n<td style=\"background-color: #d4d4d4; height: 198px;\">\n<p><figure id=\"attachment_5515\" aria-describedby=\"caption-attachment-5515\" style=\"width: 280px\" class=\"wp-caption alignnone\"><a href=\"https:\/\/www.cruet.fr\/wp-content\/uploads\/Echo-des-villages-2025-07.pdf\" target=\"_blank\" rel=\"noopener\"><img loading=\"lazy\" decoding=\"async\" class=\"wp-image-5515 size-full\" src=\"https:\/\/www.cruet.fr\/wp-content\/uploads\/Echo-des-villages-2025-07.jpg\" alt=\"\" width=\"280\" height=\"198\" \/><\/a><figcaption id=\"caption-attachment-5515\" class=\"wp-caption-text\">Echo des Villages &#8211; Juillet 2025<\/figcaption><\/figure><\/td>\n<\/tr>\n<\/tbody>\n<\/table>\n<h2><span style=\"color: #ff6600;\">2024<\/span><\/h2>\n<table width=\"523\">\n<tbody>\n<tr>\n<td style=\"background-color: #d4d4d4;\">\n<p><figure id=\"attachment_4996\" aria-describedby=\"caption-attachment-4996\" style=\"width: 140px\" class=\"wp-caption alignnone\"><a href=\"https:\/\/www.cruet.fr\/wp-content\/uploads\/BulletinMunicipal2024.pdf\" target=\"_blank\" rel=\"noopener\"><img loading=\"lazy\" decoding=\"async\" class=\"wp-image-4996 size-full\" src=\"https:\/\/www.cruet.fr\/wp-content\/uploads\/Pages-de-BulletinMunicipal2024B.jpg\" alt=\"Bulletin 2024\" width=\"140\" height=\"198\" \/><\/a><figcaption id=\"caption-attachment-4996\" class=\"wp-caption-text\">Bulletin annuel<\/figcaption><\/figure><\/td>\n<td style=\"background-color: #d4d4d4;\">\n<p><figure id=\"attachment_5198\" aria-describedby=\"caption-attachment-5198\" style=\"width: 280px\" class=\"wp-caption alignnone\"><a href=\"https:\/\/www.cruet.fr\/wp-content\/uploads\/Echo-des-villages.pdf\" target=\"_blank\" rel=\"noopener\"><img loading=\"lazy\" decoding=\"async\" class=\"wp-image-5198 size-full\" src=\"https:\/\/www.cruet.fr\/wp-content\/uploads\/Echo-des-villages.jpg\" alt=\"\" width=\"280\" height=\"198\" \/><\/a><figcaption id=\"caption-attachment-5198\" class=\"wp-caption-text\">Echo des Villages &#8211; Juillet 2024<\/figcaption><\/figure><\/td>\n<\/tr>\n<\/tbody>\n<\/table>\n<h2><span style=\"color: #ff6600;\">2023<\/span><\/h2>\n<table width=\"523\">\n<tbody>\n<tr>\n<td style=\"background-color: #d4d4d4;\">\n<p><figure id=\"attachment_4745\" aria-describedby=\"caption-attachment-4745\" style=\"width: 140px\" class=\"wp-caption alignnone\"><a href=\"https:\/\/www.cruet.fr\/wp-content\/uploads\/BulletinMunicipal2023.pdf\" target=\"_blank\" rel=\"noopener\"><img loading=\"lazy\" decoding=\"async\" class=\"wp-image-4745 size-full\" src=\"https:\/\/www.cruet.fr\/wp-content\/uploads\/BulletinMunicipal2023_Page_01.jpg\" alt=\"Bulletin 2023\" width=\"140\" height=\"198\" \/><\/a><figcaption id=\"caption-attachment-4745\" class=\"wp-caption-text\">Bulletin annuel<\/figcaption><\/figure><\/td>\n<td style=\"background-color: #d4d4d4;\"><\/td>\n<\/tr>\n<\/tbody>\n<\/table>\n<h2><span style=\"color: #ff6600;\">2022<\/span><\/h2>\n<table width=\"523\">\n<tbody>\n<tr>\n<td style=\"background-color: #d4d4d4;\">\n<p><figure id=\"attachment_4473\" aria-describedby=\"caption-attachment-4473\" style=\"width: 140px\" class=\"wp-caption alignnone\"><a href=\"https:\/\/www.cruet.fr\/wp-content\/uploads\/BulletinMunicipal2022.pdf\" target=\"_blank\" rel=\"noopener\"><img loading=\"lazy\" decoding=\"async\" class=\"wp-image-4473 size-full\" src=\"https:\/\/www.cruet.fr\/wp-content\/uploads\/BulletinMunicipal2022_v.jpg\" alt=\"Bulletin 2022\" width=\"140\" height=\"198\" \/><\/a><figcaption id=\"caption-attachment-4473\" class=\"wp-caption-text\">Bulletin annuel<\/figcaption><\/figure><\/td>\n<td style=\"background-color: #d4d4d4;\"><\/td>\n<\/tr>\n<\/tbody>\n<\/table>\n<h2><span style=\"color: #ff6600;\">2021<\/span><\/h2>\n<table width=\"523\">\n<tbody>\n<tr>\n<td style=\"background-color: #d4d4d4;\">\n<p><figure id=\"attachment_3683\" aria-describedby=\"caption-attachment-3683\" style=\"width: 140px\" class=\"wp-caption alignnone\"><a href=\"https:\/\/www.cruet.fr\/wp-content\/uploads\/BulletinMunicipal2021_v5.pdf\" target=\"_blank\" rel=\"attachment noopener wp-att-3382 noreferrer\"><img loading=\"lazy\" decoding=\"async\" class=\"wp-image-3683 size-full\" src=\"https:\/\/www.cruet.fr\/wp-content\/uploads\/BulletinMunicipal2021_v5v.jpg\" alt=\"Bulletin 2021\" width=\"140\" height=\"198\" \/><\/a><figcaption id=\"caption-attachment-3683\" class=\"wp-caption-text\">Bulletin annuel<\/figcaption><\/figure><\/td>\n<td style=\"background-color: #d4d4d4;\"><\/td>\n<\/tr>\n<\/tbody>\n<\/table>\n<h2><span style=\"color: #ff6600;\">2020<\/span><\/h2>\n<table width=\"523\">\n<tbody>\n<tr>\n<td style=\"background-color: #d4d4d4;\">\n<p><figure id=\"attachment_3382\" aria-describedby=\"caption-attachment-3382\" style=\"width: 140px\" class=\"wp-caption alignnone\"><a href=\"https:\/\/www.cruet.fr\/wp-content\/uploads\/BULLETINMUNICIPAL2020_v4.pdf\" target=\"_blank\" rel=\"attachment noopener wp-att-3382 noreferrer\"><img loading=\"lazy\" decoding=\"async\" class=\"wp-image-3382 size-full\" src=\"https:\/\/www.cruet.fr\/wp-content\/uploads\/Bulletin2020.jpg\" alt=\"Bulletin 2020\" width=\"140\" height=\"199\" \/><\/a><figcaption id=\"caption-attachment-3382\" class=\"wp-caption-text\">Bulletin annuel<\/figcaption><\/figure><\/td>\n<td style=\"background-color: #d4d4d4;\">\n<p><figure id=\"attachment_3619\" aria-describedby=\"caption-attachment-3619\" style=\"width: 280px\" class=\"wp-caption alignnone\"><a href=\"https:\/\/www.cruet.fr\/wp-content\/uploads\/Echo-09-2020v5.pdf\" target=\"_blank\" rel=\"attachment noopener wp-att-3619 noreferrer\"><img loading=\"lazy\" decoding=\"async\" class=\"wp-image-3619 size-full\" src=\"https:\/\/www.cruet.fr\/wp-content\/uploads\/Echo-09-2020v5_Page_1.jpg\" alt=\"\" width=\"280\" height=\"198\" \/><\/a><figcaption id=\"caption-attachment-3619\" class=\"wp-caption-text\">Echo des Villages &#8211; Octobre 2020<\/figcaption><\/figure><\/td>\n<\/tr>\n<\/tbody>\n<\/table>\n","protected":false},"excerpt":{"rendered":"<p>Vous aurez besoin d&rsquo;un logiciel permettant la lecture de fichiers PDF. Vous pouvez t\u00e9l\u00e9charger gratuitement Acrobat Reader \u00e0 cette adresse. Pour les bulletins \u00e0 venir, &hellip;<\/p>\n","protected":false},"author":2,"featured_media":0,"parent":0,"menu_order":0,"comment_status":"closed","ping_status":"closed","template":"","meta":{"footnotes":""},"class_list":["post-24","page","type-page","status-publish","hentry"],"_links":{"self":[{"href":"https:\/\/www.cruet.fr\/index.php?rest_route=\/wp\/v2\/pages\/24","targetHints":{"allow":["GET"]}}],"collection":[{"href":"https:\/\/www.cruet.fr\/index.php?rest_route=\/wp\/v2\/pages"}],"about":[{"href":"https:\/\/www.cruet.fr\/index.php?rest_route=\/wp\/v2\/types\/page"}],"author":[{"embeddable":true,"href":"https:\/\/www.cruet.fr\/index.php?rest_route=\/wp\/v2\/users\/2"}],"replies":[{"embeddable":true,"href":"https:\/\/www.cruet.fr\/index.php?rest_route=%2Fwp%2Fv2%2Fcomments&post=24"}],"version-history":[{"count":0,"href":"https:\/\/www.cruet.fr\/index.php?rest_route=\/wp\/v2\/pages\/24\/revisions"}],"wp:attachment":[{"href":"https:\/\/www.cruet.fr\/index.php?rest_route=%2Fwp%2Fv2%2Fmedia&parent=24"}],"curies":[{"name":"wp","href":"https:\/\/api.w.org\/{rel}","templated":true}]}}