{"id":26,"date":"2015-09-15T08:00:16","date_gmt":"2015-09-15T06:00:16","guid":{"rendered":"http:\/\/www.cruet.fr\/?page_id=26"},"modified":"2024-04-11T11:32:06","modified_gmt":"2024-04-11T09:32:06","slug":"marches-publics","status":"publish","type":"page","link":"https:\/\/www.cruet.fr\/?page_id=26","title":{"rendered":"March\u00e9s publics"},"content":{"rendered":"\n<h3><span style=\"color: #000000;\">March\u00e9 pour la construction de la mairie, d&rsquo;une chaufferie et d&rsquo;un espace multi-services apr\u00e8s d\u00e9molition de l&rsquo;ancien local commercial<\/span><\/h3>\n<p><span style=\"color: #000000;\">17 lots &#8211; cloture le lundi 13 mai 2024 &#8211; 12:00 heure locale du pouvoir adjudicateur<\/span><\/p>\n<p><a href=\"https:\/\/www.cruet.fr\/wp-content\/uploads\/AAPCCONSTRUCTIONNOUVELLEMAIRIE09042024MAPASUP90.pdf\" target=\"_blank\" rel=\"noopener\">T\u00e9l\u00e9charger l&rsquo;AAPC<\/a><\/p>\n<p><a href=\"https:\/\/www.marches-securises.fr\/entreprise\/?module=liste_consultations&amp;presta=%3Bservices%3Btravaux%3Bfournitures%3Bautres&amp;r=cruet&amp;date_cloture_type=0&amp;\" target=\"_blank\" rel=\"noopener\">R\u00e9pondre \u00e0 la consultation<\/a><\/p>\n<p>\u00a0<\/p>\n","protected":false},"excerpt":{"rendered":"<p>March\u00e9 pour la construction de la mairie, d&rsquo;une chaufferie et d&rsquo;un espace multi-services apr\u00e8s d\u00e9molition de l&rsquo;ancien local commercial 17 lots &#8211; cloture le lundi &hellip;<\/p>\n","protected":false},"author":2,"featured_media":0,"parent":0,"menu_order":0,"comment_status":"closed","ping_status":"closed","template":"","meta":{"footnotes":""},"class_list":["post-26","page","type-page","status-publish","hentry"],"_links":{"self":[{"href":"https:\/\/www.cruet.fr\/index.php?rest_route=\/wp\/v2\/pages\/26","targetHints":{"allow":["GET"]}}],"collection":[{"href":"https:\/\/www.cruet.fr\/index.php?rest_route=\/wp\/v2\/pages"}],"about":[{"href":"https:\/\/www.cruet.fr\/index.php?rest_route=\/wp\/v2\/types\/page"}],"author":[{"embeddable":true,"href":"https:\/\/www.cruet.fr\/index.php?rest_route=\/wp\/v2\/users\/2"}],"replies":[{"embeddable":true,"href":"https:\/\/www.cruet.fr\/index.php?rest_route=%2Fwp%2Fv2%2Fcomments&post=26"}],"version-history":[{"count":0,"href":"https:\/\/www.cruet.fr\/index.php?rest_route=\/wp\/v2\/pages\/26\/revisions"}],"wp:attachment":[{"href":"https:\/\/www.cruet.fr\/index.php?rest_route=%2Fwp%2Fv2%2Fmedia&parent=26"}],"curies":[{"name":"wp","href":"https:\/\/api.w.org\/{rel}","templated":true}]}}