{"id":33,"date":"2014-09-12T14:23:32","date_gmt":"2014-09-12T13:23:32","guid":{"rendered":"http:\/\/www.cruet.fr\/?page_id=33"},"modified":"2026-03-25T10:42:38","modified_gmt":"2026-03-25T09:42:38","slug":"les-commissions","status":"publish","type":"page","link":"https:\/\/www.cruet.fr\/?page_id=33","title":{"rendered":"Les commissions et d\u00e9l\u00e9gations"},"content":{"rendered":"<h2><span style=\"color: #ff6600;\">Les commissions permanentes<\/span><strong><br \/><\/strong><\/h2>\n<p style=\"text-align: justify;\">Le maire reste par \u00e9tat de fait pr\u00e9sident de chaque commission m\u00eame s&rsquo;il a choisi de d\u00e9l\u00e9guer cette fonction \u00e0 un adjoint ou un conseiller municipal.<\/p>\n<h4><span style=\"color: #000000;\"><strong>Finances<\/strong><\/span><\/h4>\n<table class=\"tab\" style=\"width: 100%; height: 52px;\">\n<tbody>\n<tr style=\"background-color: #fa5705;\">\n<td style=\"width: 250px; height: 12px; vertical-align: middle;\"><span style=\"color: #ffffff;\"><strong>Vice-Pr\u00e9sident<\/strong><\/span><\/td>\n<td style=\"width: 250px; height: 12px; vertical-align: middle;\"><span style=\"color: #ffffff;\"><strong>Membres<\/strong><\/span><\/td>\n<\/tr>\n<tr style=\"background-color: #d1d1d1;\">\n<td style=\"width: 250px; height: 40px; background-color: #e0e0e0;\" rowspan=\"4\" valign=\"top\"><strong>Guillaume Cloniet<\/strong><\/td>\n<td style=\"width: 250px; height: 10px; vertical-align: middle; background-color: #e0e0e0;\"><strong>David de Bruyne<\/strong><\/td>\n<\/tr>\n<tr style=\"background-color: #d1d1d1;\">\n<td style=\"width: 250px; height: 10px; vertical-align: middle; background-color: #e0e0e0;\"><strong>Jean-Pierre Gaillard<\/strong><\/td>\n<\/tr>\n<tr style=\"background-color: #d1d1d1;\">\n<td style=\"width: 250px; height: 10px; vertical-align: middle; background-color: #e0e0e0;\"><strong>Mich\u00e8le Goujon<\/strong><\/td>\n<\/tr>\n<tr style=\"background-color: #d1d1d1;\">\n<td style=\"width: 250px; height: 10px; vertical-align: middle; background-color: #e0e0e0;\"><strong>Patrick Charmet<\/strong><\/td>\n<\/tr>\n<\/tbody>\n<\/table>\n<h4><strong><span style=\"color: #000000;\">Travaux<\/span><br \/><\/strong><\/h4>\n<table class=\"tab\" style=\"width: 100%; height: 55px;\">\n<tbody>\n<tr style=\"background-color: #8f8f8f;\">\n<td style=\"width: 250px; height: 10px; vertical-align: middle; background-color: #fa5705;\"><strong><span style=\"color: #ffffff;\">Vice-Pr\u00e9sident<\/span><\/strong><\/td>\n<td style=\"width: 250px; height: 10px; vertical-align: middle; background-color: #fa5705;\"><strong><span style=\"color: #ffffff;\">Membres<\/span><\/strong><\/td>\n<\/tr>\n<tr style=\"background-color: #d1d1d1;\">\n<td style=\"width: 250px; height: 45px; background-color: #e0e0e0;\" rowspan=\"4\" valign=\"top\"><strong>Guillaume Cloniet<\/strong><\/td>\n<td style=\"width: 250px; height: 10px; vertical-align: middle; background-color: #e0e0e0;\"><strong>David de Bruyne<\/strong><\/td>\n<\/tr>\n<tr style=\"background-color: #d1d1d1;\">\n<td style=\"width: 250px; height: 15px; vertical-align: middle; background-color: #e0e0e0;\"><strong>Patrick Charmet<\/strong><\/td>\n<\/tr>\n<tr style=\"background-color: #d1d1d1;\">\n<td style=\"width: 250px; height: 10px; vertical-align: middle; background-color: #e0e0e0;\"><strong>Anthony Grand<\/strong><\/td>\n<\/tr>\n<tr style=\"height: 10px;\">\n<td style=\"width: 250px; vertical-align: middle; background-color: #e0e0e0; height: 10px;\"><strong>G\u00e9raldine Berthier<\/strong><\/td>\n<\/tr>\n<\/tbody>\n<\/table>\n<h4><strong><span style=\"color: #000000;\">Autorisations d&rsquo;urbanisme<\/span><br \/><\/strong><\/h4>\n<table class=\"tab\" style=\"width: 100%; height: 50px;\">\n<tbody>\n<tr style=\"background-color: #8f8f8f;\">\n<td style=\"height: 10px; vertical-align: middle; background-color: #fa5705; width: 34.6678%;\"><strong><span style=\"color: #ffffff;\">Vice-Pr\u00e9sident<\/span><\/strong><\/td>\n<td style=\"height: 10px; vertical-align: middle; background-color: #fa5705; width: 34.0922%;\"><strong><span style=\"color: #ffffff;\">Membres<\/span><\/strong><\/td>\n<\/tr>\n<tr style=\"background-color: #d1d1d1;\">\n<td style=\"height: 40px; width: 34.6678%; background-color: #e0e0e0;\" rowspan=\"4\" valign=\"top\"><strong>David de Bruyne<\/strong><\/td>\n<td style=\"height: 10px; vertical-align: middle; width: 34.0922%; background-color: #e0e0e0;\"><strong>Guillaume Cloniet<\/strong><\/td>\n<\/tr>\n<tr style=\"background-color: #d1d1d1;\">\n<td style=\"height: 10px; vertical-align: middle; width: 34.0922%; background-color: #e0e0e0;\"><strong>Patrick Charmet<\/strong><\/td>\n<\/tr>\n<tr style=\"background-color: #d1d1d1;\">\n<td style=\"height: 10px; vertical-align: middle; width: 34.0922%; background-color: #e0e0e0;\"><strong>Jean-Pierre Gaillard<\/strong><\/td>\n<\/tr>\n<tr style=\"background-color: #d1d1d1;\">\n<td style=\"height: 10px; vertical-align: middle; width: 34.0922%; background-color: #e0e0e0;\"><strong>Anthony Grand<\/strong><\/td>\n<\/tr>\n<\/tbody>\n<\/table>\n<h4><span style=\"color: #000000;\"><strong>Vie locale<\/strong><\/span><\/h4>\n<table class=\"tab\" style=\"width: 100%; height: 81px;\">\n<tbody>\n<tr style=\"background-color: #8f8f8f;\">\n<td style=\"width: 250px; height: 10px; vertical-align: middle; background-color: #fa5705;\"><strong><span style=\"color: #ffffff;\">Vice-Pr\u00e9sidente<\/span><\/strong><\/td>\n<td style=\"width: 250px; height: 10px; vertical-align: middle; background-color: #fa5705;\"><strong><span style=\"color: #ffffff;\">Membres<\/span><\/strong><\/td>\n<\/tr>\n<tr style=\"background-color: #d1d1d1;\">\n<td style=\"width: 250px; height: 71px; background-color: #e0e0e0;\" rowspan=\"7\" valign=\"top\"><strong>Alexandra Barr\u00e9<\/strong><br \/><strong><br \/><\/strong><strong><br \/><\/strong><\/td>\n<td style=\"width: 250px; height: 11px; vertical-align: middle; background-color: #e0e0e0;\"><strong>Mich\u00e8le Goujon<\/strong><\/td>\n<\/tr>\n<tr style=\"background-color: #d1d1d1;\">\n<td style=\"width: 250px; height: 10px; vertical-align: middle; background-color: #e0e0e0;\"><strong>Evelyne Lesueur<\/strong><\/td>\n<\/tr>\n<tr style=\"background-color: #d1d1d1;\">\n<td style=\"width: 250px; height: 10px; vertical-align: middle; background-color: #e0e0e0;\"><strong>Cyrielle Piron<\/strong><\/td>\n<\/tr>\n<tr style=\"height: 23px;\">\n<td style=\"width: 250px; vertical-align: middle; height: 10px; background-color: #e0e0e0;\"><strong>G\u00e9raldine Berthier<\/strong><\/td>\n<\/tr>\n<tr style=\"height: 23px;\">\n<td style=\"width: 250px; vertical-align: middle; height: 10px; background-color: #e0e0e0;\"><strong>Tiphaine Sanrey-Delenne<\/strong><\/td>\n<\/tr>\n<tr style=\"height: 10px;\">\n<td style=\"width: 250px; vertical-align: middle; background-color: #e0e0e0; height: 10px;\"><strong>Christophe Araldi<\/strong><\/td>\n<\/tr>\n<tr style=\"height: 10px;\">\n<td style=\"width: 250px; vertical-align: middle; background-color: #e0e0e0; height: 10px;\"><strong>Pierre-Yves Dubart<\/strong><\/td>\n<\/tr>\n<\/tbody>\n<\/table>\n<h4><span style=\"color: #000000;\"><strong>Communication<\/strong><\/span><\/h4>\n<table class=\"tab\" style=\"width: 100%; height: 30px;\">\n<tbody>\n<tr style=\"background-color: #8f8f8f;\">\n<td style=\"width: 250px; height: 10px; vertical-align: middle; background-color: #fa5705;\"><strong><span style=\"color: #ffffff;\">Vice-Pr\u00e9sident<\/span><\/strong><\/td>\n<td style=\"width: 250px; height: 10px; vertical-align: middle; background-color: #fa5705;\"><strong><span style=\"color: #ffffff;\">Membres<\/span><\/strong><\/td>\n<\/tr>\n<tr style=\"background-color: #d1d1d1;\">\n<td style=\"width: 250px; height: 20px; background-color: #e0e0e0;\" rowspan=\"2\" valign=\"top\"><strong>David de Bruyne<\/strong><\/td>\n<td style=\"width: 250px; height: 10px; vertical-align: middle; background-color: #e0e0e0;\"><strong>Christophe Araldi<\/strong><\/td>\n<\/tr>\n<tr style=\"background-color: #d1d1d1;\">\n<td style=\"width: 250px; height: 10px; vertical-align: middle; background-color: #e0e0e0;\"><strong>G\u00e9raldine Berthier<\/strong><\/td>\n<\/tr>\n<\/tbody>\n<\/table>\n<h4><strong><span style=\"color: #000000;\"><strong>Environnement, c<\/strong>adre de vie <\/span><\/strong><strong><span style=\"color: #000000;\">et d\u00e9veloppement durable<\/span><br \/><\/strong><\/h4>\n<table class=\"tab\" style=\"width: 100%; height: 50px;\">\n<tbody>\n<tr style=\"background-color: #8f8f8f;\">\n<td style=\"width: 250px; height: 10px; vertical-align: middle; background-color: #fa5705;\"><strong><span style=\"color: #ffffff;\">Vice-Pr\u00e9sidente<\/span><\/strong><\/td>\n<td style=\"width: 250px; height: 10px; vertical-align: middle; background-color: #fa5705;\"><strong><span style=\"color: #ffffff;\">Membres<\/span><\/strong><\/td>\n<\/tr>\n<tr style=\"background-color: #d1d1d1;\">\n<td style=\"width: 250px; height: 40px; background-color: #e0e0e0;\" rowspan=\"4\" valign=\"top\"><strong>Marie-H\u00e9l\u00e8ne Plaveret<\/strong><\/td>\n<td style=\"width: 250px; height: 10px; vertical-align: middle; background-color: #e0e0e0;\"><strong>Jean-Pierre Gaillard<\/strong><\/td>\n<\/tr>\n<tr style=\"background-color: #d1d1d1;\">\n<td style=\"width: 250px; height: 10px; vertical-align: middle; background-color: #e0e0e0;\"><strong>G\u00e9raldine Berthier<\/strong><\/td>\n<\/tr>\n<tr style=\"background-color: #d1d1d1;\">\n<td style=\"width: 250px; height: 10px; vertical-align: middle; background-color: #e0e0e0;\"><strong>Tiphaine Sanrey-Delenne<\/strong><\/td>\n<\/tr>\n<tr style=\"background-color: #d1d1d1;\">\n<td style=\"width: 250px; height: 10px; vertical-align: middle; background-color: #e0e0e0;\"><strong>Pierre-Yves Dubart<\/strong><\/td>\n<\/tr>\n<\/tbody>\n<\/table>\n<h4><strong><span style=\"color: #000000;\">Affaires scolaires<\/span><br \/><\/strong><\/h4>\n<table class=\"tab\" style=\"width: 100%; height: 50px;\">\n<tbody>\n<tr style=\"background-color: #8f8f8f;\">\n<td style=\"width: 250px; height: 10px; vertical-align: middle; background-color: #fa5705;\"><strong><span style=\"color: #ffffff;\">Vice-Pr\u00e9sidente<\/span><\/strong><\/td>\n<td style=\"width: 250px; height: 10px; vertical-align: middle; background-color: #fa5705;\"><strong><span style=\"color: #ffffff;\">Membres<br \/><\/span><\/strong><\/td>\n<\/tr>\n<tr style=\"background-color: #d1d1d1;\">\n<td style=\"width: 250px; height: 40px; background-color: #e0e0e0;\" rowspan=\"4\" valign=\"top\"><strong>Alexandra Barr\u00e9<\/strong><\/td>\n<td style=\"width: 250px; height: 10px; vertical-align: middle; background-color: #e0e0e0;\"><strong>Cyrielle Piron<\/strong><\/td>\n<\/tr>\n<tr style=\"background-color: #d1d1d1;\">\n<td style=\"width: 250px; height: 10px; vertical-align: middle; background-color: #e0e0e0;\"><strong>Christophe Araldi<\/strong><\/td>\n<\/tr>\n<tr style=\"background-color: #d1d1d1;\">\n<td style=\"width: 250px; height: 10px; vertical-align: middle; background-color: #e0e0e0;\"><strong>Evelyne Lesueur<\/strong><\/td>\n<\/tr>\n<tr style=\"height: 10px;\">\n<td style=\"width: 250px; vertical-align: middle; background-color: #e0e0e0; height: 10px;\"><strong>Pierre-Yves Dubart<\/strong><\/td>\n<\/tr>\n<\/tbody>\n<\/table>\n<h2><strong><span style=\"color: #ff6600;\">Les d\u00e9l\u00e9gations<\/span><\/strong><\/h2>\n<p style=\"text-align: left;\">Les conseillers municipaux sont aussi vos repr\u00e9sentants aupr\u00e8s des organismes suivants :<\/p>\n<h4><span style=\"color: #000000;\"><strong>M\u00e9tropole Savoie<\/strong><\/span><\/h4>\n<table class=\"tab\">\n<tbody>\n<tr style=\"background-color: #8f8f8f;\">\n<td style=\"width: 250px; height: 21px; vertical-align: middle; background-color: #fa5705;\"><strong><span style=\"color: #ffffff;\">Titulaires<\/span><\/strong><\/td>\n<td style=\"width: 250px; height: 21px; vertical-align: middle; background-color: #fa5705;\"><strong><span style=\"color: #ffffff;\">Suppl\u00e9ant<\/span><\/strong><\/td>\n<\/tr>\n<tr style=\"background-color: #d1d1d1;\">\n<td style=\"width: 250px; height: 21px; vertical-align: middle; background-color: #e0e0e0;\"><strong>En attente<\/strong><\/td>\n<td style=\"width: 250px; height: 21px; vertical-align: middle; background-color: #e0e0e0;\">\u00a0<\/td>\n<\/tr>\n<tr style=\"background-color: #d1d1d1;\">\n<td style=\"width: 250px; height: 21px; vertical-align: middle; background-color: #e0e0e0;\">\u00a0<\/td>\n<td style=\"width: 250px; height: 21px; vertical-align: middle; background-color: #e0e0e0;\">\u00a0<\/td>\n<\/tr>\n<\/tbody>\n<\/table>\n<h4><span style=\"color: #000000;\"><strong>Parc Naturel R\u00e9gional du Massif des Bauges<\/strong><\/span><\/h4>\n<table class=\"tab\">\n<tbody>\n<tr style=\"background-color: #8f8f8f;\">\n<td style=\"width: 250px; height: 21px; vertical-align: middle; background-color: #fa5705;\"><strong><span style=\"color: #ffffff;\">Titulaire<\/span><\/strong><\/td>\n<td style=\"width: 250px; height: 21px; vertical-align: middle; background-color: #fa5705;\"><strong><span style=\"color: #ffffff;\">Suppl\u00e9ant<\/span><\/strong><\/td>\n<\/tr>\n<tr style=\"background-color: #d1d1d1;\">\n<td style=\"width: 250px; height: 21px; vertical-align: middle; background-color: #e0e0e0;\"><strong>En attente<\/strong><\/td>\n<td style=\"width: 250px; height: 21px; vertical-align: middle; background-color: #e0e0e0;\">\u00a0<\/td>\n<\/tr>\n<\/tbody>\n<\/table>\n<h4><span style=\"color: #819c28;\"><span style=\"color: #000000;\"><strong>Communaut\u00e9 de communes Coeur de Savoie<\/strong><\/span><strong><br \/><\/strong><\/span><\/h4>\n<table class=\"tab\" style=\"width: 100%; height: 38px;\">\n<tbody>\n<tr style=\"background-color: #8f8f8f;\">\n<td style=\"width: 250px; height: 21px; vertical-align: middle; background-color: #fa5705;\"><strong><span style=\"color: #ffffff;\">Titulaire<\/span><\/strong><\/td>\n<td style=\"width: 250px; height: 21px; vertical-align: middle; background-color: #fa5705;\"><strong><span style=\"color: #ffffff;\">Suppl\u00e9ant<\/span><\/strong><\/td>\n<\/tr>\n<tr style=\"background-color: #d1d1d1;\">\n<td style=\"width: 250px; height: 17px; vertical-align: middle; background-color: #e0e0e0;\"><strong>Jean-Michel Blondet<\/strong><\/td>\n<td style=\"width: 250px; height: 17px; vertical-align: middle; background-color: #e0e0e0;\"><strong>Marie-H\u00e9l\u00e8ne Plaveret<\/strong><\/td>\n<\/tr>\n<\/tbody>\n<\/table>\n\n\n<h2><span style=\"color: #ff6600;\">Les commissions intercommunales<\/span><\/h2>\n<p><strong>Agriculture<\/strong> :\u00a0<\/p>\n<p><strong>Assainissement<\/strong> :\u00a0<\/p>\n<p><strong>Culture<\/strong> :\u00a0<\/p>\n<p><strong>D\u00e9chets<\/strong> :\u00a0<\/p>\n<p><strong>D\u00e9veloppement \u00e9conomique<\/strong> :\u00a0<\/p>\n<p><strong>Milieux naturels<\/strong> :\u00a0<\/p>\n<p><strong>Mobilit\u00e9 &#8211; D\u00e9placements<\/strong> :\u00a0<\/p>\n<p><strong>Petite enfance \u2013 Enfance &#8211; Jeunesse<\/strong> :\u00a0<\/p>\n<p><strong>Tourisme<\/strong> :\u00a0<\/p>\n<p><strong>Transition \u00e9nerg\u00e9tique &#8211; Plan Climat<\/strong> :\u00a0<\/p>\n\n\n","protected":false},"excerpt":{"rendered":"<p>Les commissions permanentes Le maire reste par \u00e9tat de fait pr\u00e9sident de chaque commission m\u00eame s&rsquo;il a choisi de d\u00e9l\u00e9guer cette fonction \u00e0 un adjoint &hellip;<\/p>\n","protected":false},"author":2,"featured_media":0,"parent":0,"menu_order":0,"comment_status":"closed","ping_status":"closed","template":"","meta":{"footnotes":""},"class_list":["post-33","page","type-page","status-publish","hentry"],"_links":{"self":[{"href":"https:\/\/www.cruet.fr\/index.php?rest_route=\/wp\/v2\/pages\/33","targetHints":{"allow":["GET"]}}],"collection":[{"href":"https:\/\/www.cruet.fr\/index.php?rest_route=\/wp\/v2\/pages"}],"about":[{"href":"https:\/\/www.cruet.fr\/index.php?rest_route=\/wp\/v2\/types\/page"}],"author":[{"embeddable":true,"href":"https:\/\/www.cruet.fr\/index.php?rest_route=\/wp\/v2\/users\/2"}],"replies":[{"embeddable":true,"href":"https:\/\/www.cruet.fr\/index.php?rest_route=%2Fwp%2Fv2%2Fcomments&post=33"}],"version-history":[{"count":0,"href":"https:\/\/www.cruet.fr\/index.php?rest_route=\/wp\/v2\/pages\/33\/revisions"}],"wp:attachment":[{"href":"https:\/\/www.cruet.fr\/index.php?rest_route=%2Fwp%2Fv2%2Fmedia&parent=33"}],"curies":[{"name":"wp","href":"https:\/\/api.w.org\/{rel}","templated":true}]}}