{"id":468,"date":"2014-09-18T10:29:00","date_gmt":"2014-09-18T08:29:00","guid":{"rendered":"http:\/\/www.cruet.fr\/?page_id=468"},"modified":"2022-01-21T16:10:31","modified_gmt":"2022-01-21T15:10:31","slug":"situation","status":"publish","type":"page","link":"https:\/\/www.cruet.fr\/?page_id=468","title":{"rendered":"Vivre \u00e0 Cruet"},"content":{"rendered":"<p style=\"text-align: left;\">Entre ciel et montagne, au pied du Massif des Bauges, le village de Cruet vous accueille dans son \u00e9crin de verdure et son ensoleillement.<\/p>\n<p style=\"text-align: left;\">Id\u00e9alement situ\u00e9s en adret, les coteaux viticoles vous offrent de superbes promenades \u00e0 toutes les saisons. Vous voici sur le balcon des Bauges, face \u00e0 la douce vall\u00e9e de l&rsquo;Is\u00e8re et des Belledones.<\/p>\n<ul>\n<li style=\"text-align: left;\"><a href=\"http:\/\/www.observatoire.savoie.equipement-agriculture.gouv.fr\/Communes\/bdsavoie.php?INSEE=73096\" target=\"_blank\" rel=\"noopener noreferrer\">Donn\u00e9es communales (source DDT73)<\/a> sur le village et son environnement (superficies agricoles, biodiversit\u00e9 etc&#8230;).<\/li>\n<\/ul>\n<p><img loading=\"lazy\" decoding=\"async\" class=\"alignnone wp-image-796\" src=\"https:\/\/www.cruet.fr\/wp-content\/uploads\/Situation.jpg\" alt=\"Vue 3D\" width=\"533\" height=\"389\" srcset=\"https:\/\/www.cruet.fr\/wp-content\/uploads\/Situation.jpg 600w, https:\/\/www.cruet.fr\/wp-content\/uploads\/Situation-300x219.jpg 300w\" sizes=\"auto, (max-width: 533px) 100vw, 533px\" \/><\/p>\n<p style=\"text-align: left;\">Implant\u00e9 entre Chamb\u00e9ry, Grenoble et Albertville, ce village vous surprendra par bien des aspects.<\/p>\n<p style=\"text-align: left;\">Ses habitants se r\u00e9partissent sur plus d\u2019une quinzaine de hameaux et lieux-dits aux noms vari\u00e9s : <span style=\"color: #ff6600;\">la Chapelle, les Combettes, les Celli\u00e8res, les Petites-Gli\u00e8res, le Pray, Gavy, la Gare, Peichamp, la Goanna, Ceins\u00e9, les Iles, Saint-Laurent, le Masdoux, le Chaney, la Baraterie, Ferroux, Verdun, la Ravi\u00e8re&#8230;.<\/span><\/p>\n<h2><span style=\"color: #ff6600;\">D\u00e9couverte de la richesse patrimoniale<\/span><\/h2>\n<ul>\n<li><span style=\"color: #ff6600;\">La voie romaine et ses ch\u00e2teaux<\/span> : La voie traverse la commune d&rsquo;Ouest en Est.<\/li>\n<li><span style=\"color: #ff6600;\">Ch\u00e2teaux <\/span>: Le Colombier, Beaus\u00e9jour, Paravy, Le Chaffard, Le Chaney, Verdun-Dessus, Verdun-Dessous, La Rive.<\/li>\n<li><span style=\"color: #ff6600;\">Arch\u00e9ologie<\/span> : <a href=\"https:\/\/www.cruet.fr\/wp-content\/uploads\/Archeologie.pdf\">Arch\u00e9ologie revue de presse<\/a> \/ <a href=\"https:\/\/www.cruet.fr\/wp-content\/uploads\/Archeologie2.pdf\">Arch\u00e9ologie revue de presse 2<\/a><\/li>\n<li><span style=\"color: #ff6600;\">Les celliers et clos<\/span> : \u00e0 Lourdens, La Picarde, \u00e0 la Chapelle et Saint-Laurent.<\/li>\n<li><span style=\"color: #ff6600;\">Les hameaux des vignerons<\/span> : la Chapelle, Le Masdoux, Cruet-Ferroux, La Baraterie.<\/li>\n<li>Le pont ferroviaire \u00ab\u00a0Victor Emmanuel\u00a0\u00bb, dit \u00ab\u00a0des Anglais\u00a0\u00bb, 1854 : monument historique sur l&rsquo;Is\u00e8re, o\u00f9 passait l&rsquo;ancienne voie Paris-Rome.<\/li>\n<li>Les ponts sur la Crosaz<\/li>\n<li>L&rsquo;ancienne carri\u00e8re de l&rsquo;endiguement de l&rsquo;Is\u00e8re (1840- 1858)<\/li>\n<li>L&rsquo;\u00e9glise et ses vitraux<\/li>\n<li><span style=\"color: #ff6600;\">Les sentiers et la randonn\u00e9e<\/span> : sentier du Mont (de La Chapelle au Lac de La Thuile par le col du Mont), sentier des Chartreux (de Lourdens au col de Marocaz par la chapelle Maillet), sentier des Favi\u00e8res, v\u00e9ritable sentier-balcon, avec retour aux Masdoux par le sentier de Pr\u00e9-Bon, sentier de Marocaz \u00e0 Montlambert par la Pierre Couvercle, sentier du Masdoux \u00e0 Cruet-Ferroux par la tour du Chaffard et de la rivi\u00e8re, et retour par le Chaney, sentiers des Papillons \u00e0 Cruet-Ferroux.<\/li>\n<\/ul>\n<hr \/>\n<p>T\u00e9l\u00e9chargez le <a href=\"https:\/\/www.cruet.fr\/wp-content\/uploads\/Sentiers.pdf\">plan des sentiers de randonn\u00e9es situ\u00e9s sur Cruet<\/a><\/p>\n<p>Consultez les nombreux itin\u00e9raires sur le site du <a href=\"http:\/\/plan%20des sentiers de randonn\u00e9es situ\u00e9s sur Cruet\" target=\"_blank\" rel=\"noopener noreferrer\">Parc des Bauges<\/a><\/p>\n<p>Consultez \u00e9galement la fiche descriptive du <a href=\"https:\/\/www.cruet.fr\/wp-content\/uploads\/SentiersPapillons.pdf\">sentier des Papillons<\/a><\/p>\n<hr \/>\n","protected":false},"excerpt":{"rendered":"<p>Entre ciel et montagne, au pied du Massif des Bauges, le village de Cruet vous accueille dans son \u00e9crin de verdure et son ensoleillement. Id\u00e9alement &hellip;<\/p>\n","protected":false},"author":2,"featured_media":0,"parent":0,"menu_order":0,"comment_status":"closed","ping_status":"closed","template":"","meta":{"footnotes":""},"class_list":["post-468","page","type-page","status-publish","hentry"],"_links":{"self":[{"href":"https:\/\/www.cruet.fr\/index.php?rest_route=\/wp\/v2\/pages\/468","targetHints":{"allow":["GET"]}}],"collection":[{"href":"https:\/\/www.cruet.fr\/index.php?rest_route=\/wp\/v2\/pages"}],"about":[{"href":"https:\/\/www.cruet.fr\/index.php?rest_route=\/wp\/v2\/types\/page"}],"author":[{"embeddable":true,"href":"https:\/\/www.cruet.fr\/index.php?rest_route=\/wp\/v2\/users\/2"}],"replies":[{"embeddable":true,"href":"https:\/\/www.cruet.fr\/index.php?rest_route=%2Fwp%2Fv2%2Fcomments&post=468"}],"version-history":[{"count":0,"href":"https:\/\/www.cruet.fr\/index.php?rest_route=\/wp\/v2\/pages\/468\/revisions"}],"wp:attachment":[{"href":"https:\/\/www.cruet.fr\/index.php?rest_route=%2Fwp%2Fv2%2Fmedia&parent=468"}],"curies":[{"name":"wp","href":"https:\/\/api.w.org\/{rel}","templated":true}]}}