{"id":4839,"date":"2023-08-30T15:27:49","date_gmt":"2023-08-30T13:27:49","guid":{"rendered":"http:\/\/www.cruet.fr\/?page_id=4839"},"modified":"2026-04-24T11:17:07","modified_gmt":"2026-04-24T09:17:07","slug":"les-deliberations","status":"publish","type":"page","link":"https:\/\/www.cruet.fr\/?page_id=4839","title":{"rendered":"Les d\u00e9lib\u00e9rations"},"content":{"rendered":"\n\n\n<h2><span style=\"color: #ff6600;\">2026<\/span><\/h2>\n<ul>\n<li><a href=\"https:\/\/www.cruet.fr\/wp-content\/uploads\/Liste-des-deliberations-du-07-04-2026.pdf\" target=\"_blank\" rel=\"noopener\">D\u00e9lib\u00e9rations du Conseil municipal du 7 avril 2026<\/a><\/li>\n<li><a href=\"https:\/\/www.cruet.fr\/wp-content\/uploads\/Liste-des-deliberations-du-21-03-2026.pdf\" target=\"_blank\" rel=\"noopener\">D\u00e9lib\u00e9rations du Conseil municipal du 21 mars 2026<\/a><\/li>\n<li><a href=\"https:\/\/www.cruet.fr\/wp-content\/uploads\/Liste-des-deliberations-du-24-02-2026.pdf\" target=\"_blank\" rel=\"noopener\">D\u00e9lib\u00e9rations du Conseil municipal du 24 f\u00e9vrier 2026<\/a><\/li>\n<\/ul>\n<h2><span style=\"color: #ff6600;\">2025<\/span><\/h2>\n<ul>\n<li><a href=\"https:\/\/www.cruet.fr\/wp-content\/uploads\/Courrier-DREAL.pdf\" target=\"_blank\" rel=\"noopener\">DUP Combe de Savoie (r\u00e9habilitation de 3 lignes a\u00e9riennes 63 kv)<\/a><\/li>\n<li><a href=\"https:\/\/www.cruet.fr\/wp-content\/uploads\/Liste-des-deliberations-du-09-12-2025.pdf\" target=\"_blank\" rel=\"noopener\">D\u00e9lib\u00e9rations du Conseil municipal du 9 d\u00e9cembre 2025<\/a><\/li>\n<li><a href=\"https:\/\/www.cruet.fr\/wp-content\/uploads\/Liste-des-deliberations-du-28-10-2025-1.pdf\" target=\"_blank\" rel=\"noopener\">D\u00e9lib\u00e9rations du Conseil municipal du 28 octobre 2025<\/a><\/li>\n<li><a href=\"https:\/\/www.cruet.fr\/wp-content\/uploads\/Liste-des-deliberations-du-09-09-2025.pdf\" target=\"_blank\" rel=\"noopener\">D\u00e9lib\u00e9rations du Conseil municipal du 9 septembre 2025<\/a><\/li>\n<li><a href=\"https:\/\/www.cruet.fr\/wp-content\/uploads\/Liste-des-deliberations-du-08-07-2025.pdf\" target=\"_blank\" rel=\"noopener\">D\u00e9lib\u00e9rations du Conseil municipal du 8 juillet 2025<\/a><\/li>\n<li><a href=\"https:\/\/www.cruet.fr\/wp-content\/uploads\/Liste-des-deliberations-du-01-07-2025.pdf\" target=\"_blank\" rel=\"noopener\">D\u00e9lib\u00e9rations du Conseil municipal du 1er juillet 2025<\/a><\/li>\n<li><a href=\"https:\/\/www.cruet.fr\/wp-content\/uploads\/Liste-des-deliberations-du-03-06-2025.pdf\" target=\"_blank\" rel=\"noopener\">D\u00e9lib\u00e9rations du Conseil municipal du 3 juin 2025<\/a><\/li>\n<li><a href=\"https:\/\/www.cruet.fr\/wp-content\/uploads\/Liste-des-deliberations-du-25-03-2025.pdf\" target=\"_blank\" rel=\"noopener\">D\u00e9lib\u00e9rations du Conseil municipal du 25 mars 2025<\/a><\/li>\n<li><a href=\"https:\/\/www.cruet.fr\/wp-content\/uploads\/Liste-des-deliberations-du-11-02-2025.pdf\" target=\"_blank\" rel=\"noopener\">D\u00e9lib\u00e9rations du Conseil municipal du 11 f\u00e9vrier 2025<\/a><\/li>\n<\/ul>\n<h2><span style=\"color: #ff6600;\">2024<\/span><\/h2>\n<ul>\n<li><a href=\"https:\/\/www.cruet.fr\/wp-content\/uploads\/Listedeliberations-conseil-municipal-du-26-11-2024-.pdf\" target=\"_blank\" rel=\"noopener\"><span style=\"color: #000000;\">D\u00e9lib\u00e9rations du Conseil municipal du 26 novembre 2024<\/span><\/a><\/li>\n<li><a href=\"https:\/\/www.cruet.fr\/wp-content\/uploads\/Liste-des-deliberations-du-24-septembre-2024.pdf\" target=\"_blank\" rel=\"noopener\"><span style=\"color: #000000;\">D\u00e9lib\u00e9rations du Conseil municipal du 24 septembre 2024<\/span><\/a><\/li>\n<li><a href=\"https:\/\/www.cruet.fr\/wp-content\/uploads\/Liste-des-deliberations-du-15-juillet-2024.pdf\" target=\"_blank\" rel=\"noopener\"><span style=\"color: #000000;\">D\u00e9lib\u00e9rations du Conseil municipal du 15 juillet 2024<\/span><\/a><\/li>\n<li><a href=\"https:\/\/www.cruet.fr\/wp-content\/uploads\/Liste-des-deliberations-du-27-juin-2024-.pdf\" target=\"_blank\" rel=\"noopener\"><span style=\"color: #000000;\">D\u00e9lib\u00e9rations du Conseil municipal du 27 juin 2024<\/span><\/a><\/li>\n<li><a href=\"https:\/\/www.cruet.fr\/wp-content\/uploads\/Liste-des-deliberations-du-27-juin-2024-.pdf\" target=\"_blank\" rel=\"noopener\"><span style=\"color: #000000;\">D\u00e9lib\u00e9rations du Conseil municipal du 9 avril 2024<\/span><\/a><\/li>\n<li><a href=\"https:\/\/www.cruet.fr\/wp-content\/uploads\/Liste-deliberations-du-13-fevrier-2024.pdf\" target=\"_blank\" rel=\"noopener\"><span style=\"color: #000000;\">D\u00e9lib\u00e9rations du Conseil municipal du 13 f\u00e9vrier 2024<\/span><\/a><\/li>\n<\/ul>\n<h2><span style=\"color: #ff6600;\">2023<\/span><\/h2>\n<ul>\n<li><a href=\"https:\/\/www.cruet.fr\/wp-content\/uploads\/Liste-deliberations-du-18-12-2023.pdf\" target=\"_blank\" rel=\"noopener\"><span style=\"color: #000000;\">D\u00e9lib\u00e9rations du Conseil municipal du 18 d\u00e9cembre 2023<\/span><\/a><\/li>\n<li><a href=\"https:\/\/www.cruet.fr\/wp-content\/uploads\/Liste-deliberations-du-14-11-2023.pdf\" target=\"_blank\" rel=\"noopener\"><span style=\"color: #000000;\">D\u00e9lib\u00e9rations du Conseil municipal du 14 novembre 2023<\/span><\/a><\/li>\n<li><a href=\"https:\/\/www.cruet.fr\/wp-content\/uploads\/Liste-deliberations-du-26-09-2024.pdf\" target=\"_blank\" rel=\"noopener\"><span style=\"color: #000000;\">D\u00e9lib\u00e9rations du Conseil municipal du 26 septembre 2023<\/span><\/a><\/li>\n<li><a href=\"https:\/\/www.cruet.fr\/wp-content\/uploads\/07-2023-Liste-des-deliberations-11-juillet-2023.pdf\" target=\"_blank\" rel=\"noopener\"><span style=\"color: #000000;\">D\u00e9lib\u00e9rations du Conseil municipal du 11 juillet 2023<\/span><\/a><\/li>\n<li><a href=\"https:\/\/www.cruet.fr\/wp-content\/uploads\/06-2023-Liste-des-deliberations-06-juin-2023.pdf\" target=\"_blank\" rel=\"noopener\"><span style=\"color: #000000;\">D\u00e9lib\u00e9rations du Conseil municipal du 6 juin 2023<\/span><\/a><\/li>\n<li><a href=\"https:\/\/www.cruet.fr\/wp-content\/uploads\/03-2023-Liste-des-deliberations-28-mars-2023.pdf\" target=\"_blank\" rel=\"noopener\"><span style=\"color: #000000;\">D\u00e9lib\u00e9rations du Conseil municipal du 28 mars 2023<\/span><\/a><\/li>\n<li><a href=\"https:\/\/www.cruet.fr\/wp-content\/uploads\/02-2023-Liste-des-deliberations-27-fevrier-2023.pdf\" target=\"_blank\" rel=\"noopener\"><span style=\"color: #000000;\">D\u00e9lib\u00e9rations du Conseil municipal du 27 f\u00e9vrier 2023<\/span><\/a><\/li>\n<\/ul>\n","protected":false},"excerpt":{"rendered":"<p>2026 D\u00e9lib\u00e9rations du Conseil municipal du 7 avril 2026 D\u00e9lib\u00e9rations du Conseil municipal du 21 mars 2026 D\u00e9lib\u00e9rations du Conseil municipal du 24 f\u00e9vrier 2026 &hellip;<\/p>\n","protected":false},"author":2,"featured_media":0,"parent":0,"menu_order":0,"comment_status":"closed","ping_status":"closed","template":"","meta":{"footnotes":""},"class_list":["post-4839","page","type-page","status-publish","hentry"],"_links":{"self":[{"href":"https:\/\/www.cruet.fr\/index.php?rest_route=\/wp\/v2\/pages\/4839","targetHints":{"allow":["GET"]}}],"collection":[{"href":"https:\/\/www.cruet.fr\/index.php?rest_route=\/wp\/v2\/pages"}],"about":[{"href":"https:\/\/www.cruet.fr\/index.php?rest_route=\/wp\/v2\/types\/page"}],"author":[{"embeddable":true,"href":"https:\/\/www.cruet.fr\/index.php?rest_route=\/wp\/v2\/users\/2"}],"replies":[{"embeddable":true,"href":"https:\/\/www.cruet.fr\/index.php?rest_route=%2Fwp%2Fv2%2Fcomments&post=4839"}],"version-history":[{"count":1,"href":"https:\/\/www.cruet.fr\/index.php?rest_route=\/wp\/v2\/pages\/4839\/revisions"}],"predecessor-version":[{"id":5822,"href":"https:\/\/www.cruet.fr\/index.php?rest_route=\/wp\/v2\/pages\/4839\/revisions\/5822"}],"wp:attachment":[{"href":"https:\/\/www.cruet.fr\/index.php?rest_route=%2Fwp%2Fv2%2Fmedia&parent=4839"}],"curies":[{"name":"wp","href":"https:\/\/api.w.org\/{rel}","templated":true}]}}