{"id":49,"date":"2014-09-12T14:27:07","date_gmt":"2014-09-12T13:27:07","guid":{"rendered":"http:\/\/www.cruet.fr\/?page_id=49"},"modified":"2022-04-05T09:28:24","modified_gmt":"2022-04-05T07:28:24","slug":"services-de-proximite","status":"publish","type":"page","link":"https:\/\/www.cruet.fr\/?page_id=49","title":{"rendered":"Les services de proximit\u00e9"},"content":{"rendered":"<p><img loading=\"lazy\" decoding=\"async\" class=\"alignnone size-medium wp-image-4507\" src=\"https:\/\/www.cruet.fr\/wp-content\/uploads\/nos-services-300x106.gif\" alt=\"\" width=\"300\" height=\"106\" srcset=\"https:\/\/www.cruet.fr\/wp-content\/uploads\/nos-services-300x106.gif 300w, https:\/\/www.cruet.fr\/wp-content\/uploads\/nos-services-402x142.gif 402w\" sizes=\"auto, (max-width: 300px) 100vw, 300px\" \/><\/p>\n<h2 style=\"text-align: left;\"><span style=\"color: #ff6600;\">COEUR DE SAVOIE<\/span><\/h2>\n<p><a href=\"https:\/\/www.coeurdesavoie.fr\/4023-assainissement.htm\" target=\"_blank\" rel=\"noopener\">Assainissement<\/a><br \/>\n<a href=\"https:\/\/www.coeurdesavoie.fr\/4021-cadastre-solaire.htm\" target=\"_blank\" rel=\"noopener\">Cadastre solaire<\/a><br \/>\n<a href=\"https:\/\/www.coeurdesavoie.fr\/4029-dechets.htm\" target=\"_blank\" rel=\"noopener\">D\u00e9chets<\/a><br \/>\n<a href=\"https:\/\/www.coeurdesavoie.fr\/4049-deplacements.htm\" target=\"_blank\" rel=\"noopener\">D\u00e9placement<\/a><br \/>\n<a href=\"https:\/\/www.coeurdesavoie.fr\/4047-habitat.htm\" target=\"_blank\" rel=\"noopener\">Habitat<\/a><br \/>\n<a href=\"https:\/\/www.coeurdesavoie.fr\/4185-milieux-naturels.htm\" target=\"_blank\" rel=\"noopener\">Milieux naturels<\/a><br \/>\n<a href=\"https:\/\/www.coeurdesavoie.fr\/4015-transition-energetique.htm\" target=\"_blank\" rel=\"noopener\">Transition \u00e9nerg\u00e9tique<\/a><\/p>\n<p><a href=\"http:\/\/www.coeurdesavoie.fr\" target=\"_blank\" rel=\"noopener\"><img loading=\"lazy\" decoding=\"async\" class=\"alignnone wp-image-4061 size-full\" src=\"https:\/\/www.cruet.fr\/wp-content\/uploads\/logo.png\" alt=\"\" width=\"197\" height=\"172\" \/><\/a><\/p>\n<h2><span style=\"color: #ff6600;\">MAISON FRANCE SERVICES<\/span><\/h2>\n<p><span style=\"color: #ff6600;\">Depuis le 1er janvier 2020 la Maison des services au public est devenue France services C\u0153ur de Savoie de Valgelon-La Rochette.<\/span><\/p>\n<p>Nous proposons un accompagnement dans les d\u00e9marches de la vie quotidienne relevant de plusieurs organismes publics et administrations. Lieu d\u2019accueil, de conseil et d\u2019orientation pour des informations sur l\u2019ensemble des services de partenaires : CAF, CARSAT, CPAM, MSA, P\u00f4le Emploi, La Poste, les minist\u00e8res des comptes publics, de la justice et de l\u2019int\u00e9rieur.<\/p>\n<p><a href=\"https:\/\/www.coeurdesavoie.fr\/4046-france-services.htm\" target=\"_blank\" rel=\"noopener\">Plus d&rsquo;infos<\/a><\/p>\n<h2 style=\"text-align: left;\"><span style=\"color: #ff6600;\">SANT\u00c9 ET SOCIAL<\/span><\/h2>\n<h4 style=\"text-align: left;\">L\u2019ADMR<\/h4>\n<p style=\"text-align: left;\"><span style=\"color: #fa5705;\">Service \u00e0 la personne<\/span><br \/>\nLieu : 23 rue du Mont Charvet &#8211; 73800 Cruet<\/p>\n<p style=\"text-align: left;\"><strong>Pr\u00e9sident : Marie-Anne Sanquer<\/strong><br \/>\nT\u00e9l. : 04 79 85 00 32<br \/>\nCourriel : <a href=\"mailto:st-pierre@fede73.org\" target=\"_blank\" rel=\"noopener noreferrer\">st-pierre(a)fede73.org<\/a><br \/>\n<a href=\"http:\/\/www.admr.org\" target=\"_blank\" rel=\"noopener noreferrer\">www.admr.org<\/a><\/p>\n<h4 style=\"text-align: left;\">AI.D.A.P.I (AIde \u00e0 Domicile aux Aidants et aux Personnes Isol\u00e9es)<\/h4>\n<p style=\"text-align: left;\"><span style=\"color: #fa5705;\">Equipe de b\u00e9n\u00e9voles \u00e0 l&rsquo;\u00e9coute des personnes \u00e2g\u00e9es isol\u00e9es et d&rsquo;aide aux familles<\/span><\/p>\n<p style=\"text-align: left;\">Si\u00e8ge Social : Le Chaney, 73800 Cruet<br \/>\nT\u00e9l. : 04 79 84 02 14<br \/>\nCourriel : <a href=\"mailto:aidapi@orange.fr\" target=\"_blank\" rel=\"noopener noreferrer\">aidapi(a)orange.fr<\/a><\/p>\n<h2 style=\"text-align: left;\"><span style=\"color: #ff6600;\">TOURISME<\/span><\/h2>\n<h4 style=\"text-align: left;\">Office de Tourisme Coeur de Savoie<\/h4>\n<p style=\"text-align: left;\">T\u00e9l. : 04 79 25 53 12<br \/>\n<a href=\"http:\/\/www.tourisme.coeurdesavoie.fr\">www.tourisme.coeurdesavoie.fr<\/a><\/p>\n<h4 style=\"text-align: left;\">Parc Naturel R\u00e9gional des Bauges<\/h4>\n<p style=\"text-align: left;\">Maison du Parc &#8211; 73630 Le Ch\u00e2telard<br \/>\nT\u00e9l. : 04 79 54 86 40<br \/>\n<a href=\"http:\/\/www.parcdesbauges.com\" target=\"_blank\" rel=\"noopener noreferrer\">www.parcdesbauges.com<\/a><\/p>\n<h4 style=\"text-align: left;\">Mus\u00e9e r\u00e9gional de la vigne et du vin de Montm\u00e9lian<\/h4>\n<p style=\"text-align: left;\">46, rue Dr Veyrat &#8211; 73800 Montm\u00e9lian<br \/>\nT\u00e9l. : 04 79 84 42 23<\/p>\n<h2 style=\"text-align: left;\"><span style=\"color: #ff6600;\">D\u00c9PLACEMENT<\/span><\/h2>\n<h4 style=\"text-align: left;\">D\u00e9placements associatifs du canton de Saint-Pierre d&rsquo;Albigny<\/h4>\n<p style=\"text-align: left;\">Pour les personnes \u00e0 mobilit\u00e9 r\u00e9duite ou les personnes \u00e2g\u00e9es de plus de 65 ans, le DACS, d\u00e9placement associatif en Combe de Savoie, soutenu par le Conseil G\u00e9n\u00e9ral, vous propose ses services, sur un simple coup de t\u00e9l\u00e9phone au 06 45 93 51 57 pour vous amener \u00e0 l&rsquo;endroit de votre choix, moyennant une participation.<\/p>\n<p style=\"text-align: left;\">T\u00e9l. : 06 45 93 51 57 | Courriel : <a href=\"mailto:dacs@neuf.fr\" target=\"_blank\" rel=\"noopener noreferrer\">dacs(a)neuf.fr<\/a><\/p>\n<h4 style=\"text-align: left;\">Taxi<\/h4>\n<p><span style=\"color: #ff6600;\">SASU G.FLO Taxi<\/span><br \/>\nMme GAZZA<br \/>\nT\u00e9l. : 06 98 72 49 38<\/p>\n<h4 style=\"text-align: left;\">Covoiturage<\/h4>\n<p style=\"text-align: left;\">Si vous souhaitez vous d\u00e9placer sans trop polluer, pensez au covoiturage <a href=\"http:\/\/www.savoiecovoiturage.fr\" target=\"_blank\" rel=\"noopener noreferrer\">www.savoiecovoiturage.fr<\/a><\/p>\n","protected":false},"excerpt":{"rendered":"<p>COEUR DE SAVOIE Assainissement Cadastre solaire D\u00e9chets D\u00e9placement Habitat Milieux naturels Transition \u00e9nerg\u00e9tique MAISON FRANCE SERVICES Depuis le 1er janvier 2020 la Maison des services &hellip;<\/p>\n","protected":false},"author":2,"featured_media":0,"parent":0,"menu_order":0,"comment_status":"closed","ping_status":"closed","template":"","meta":{"footnotes":""},"class_list":["post-49","page","type-page","status-publish","hentry"],"_links":{"self":[{"href":"https:\/\/www.cruet.fr\/index.php?rest_route=\/wp\/v2\/pages\/49","targetHints":{"allow":["GET"]}}],"collection":[{"href":"https:\/\/www.cruet.fr\/index.php?rest_route=\/wp\/v2\/pages"}],"about":[{"href":"https:\/\/www.cruet.fr\/index.php?rest_route=\/wp\/v2\/types\/page"}],"author":[{"embeddable":true,"href":"https:\/\/www.cruet.fr\/index.php?rest_route=\/wp\/v2\/users\/2"}],"replies":[{"embeddable":true,"href":"https:\/\/www.cruet.fr\/index.php?rest_route=%2Fwp%2Fv2%2Fcomments&post=49"}],"version-history":[{"count":0,"href":"https:\/\/www.cruet.fr\/index.php?rest_route=\/wp\/v2\/pages\/49\/revisions"}],"wp:attachment":[{"href":"https:\/\/www.cruet.fr\/index.php?rest_route=%2Fwp%2Fv2%2Fmedia&parent=49"}],"curies":[{"name":"wp","href":"https:\/\/api.w.org\/{rel}","templated":true}]}}