{"id":51,"date":"2014-09-12T14:27:28","date_gmt":"2014-09-12T13:27:28","guid":{"rendered":"http:\/\/www.cruet.fr\/?page_id=51"},"modified":"2025-10-09T16:36:58","modified_gmt":"2025-10-09T14:36:58","slug":"acteurs-economiques","status":"publish","type":"page","link":"https:\/\/www.cruet.fr\/?page_id=51","title":{"rendered":"Les acteurs \u00e9conomiques"},"content":{"rendered":"<p style=\"text-align: justify;\">Le d\u00e9veloppement durable passe aussi par l\u2019utilisation des ressources locales\u2026et dont des talents sont pr\u00e9sents sur notre territoire ! Voici une liste des acteurs \u00e9conomiques de notre commune, que vous pouvez t\u00e9l\u00e9charger sous forme de plaquette.<\/p>\n<blockquote>\n<p style=\"text-align: justify;\">Dans le cadre de la protection des donn\u00e9es personnelles (RGPD), seuls les acteurs de la commune ayant r\u00e9pondu \u00e0 notre questionnaire sont disponibles sur cette page.<\/p>\n<\/blockquote>\n<p style=\"text-align: left;\"><a href=\"https:\/\/www.cruet.fr\/wp-content\/uploads\/ActeursEconomiques2.pdf\" target=\"_blank\" rel=\"noopener noreferrer\">Plaquette \u00e0 t\u00e9l\u00e9charger<\/a><\/p>\n<h2><span style=\"color: #ff6600;\">AGRICULTURE \/ VITICULTURE<\/span><\/h2>\n<ul>\n<li><span style=\"color: #fa5705;\"><strong>CAVE DES VINS FINS DE CRUET<\/strong><\/span><\/li>\n<\/ul>\n<p><span style=\"color: #000000;\"><em>Commercialisation vins de Savoie<\/em><\/span><br \/>\n57 place de la Gare<br \/>\nT\u00e9l. : 04 79 84 28 52<br \/>\nCourriel : <a href=\"mailto:contact@cavedecruet.com\">contact(a)cavedecruet.com<\/a><br \/>\n<a href=\"http:\/\/www.cavedecruet.com\" target=\"_blank\" rel=\"noopener\">www.cavedecruet.com<\/a><\/p>\n<ul>\n<li><span style=\"color: #fa5705;\"><strong>VINS PHILIPPE GRISARD<\/strong><\/span><\/li>\n<\/ul>\n<p><span style=\"color: #000000;\"><em>De la vigne au verre&#8230;d\u00e9couverte des vins de Savoie authentiques<\/em><\/span><br \/>\n33 place de Mar\u00e9chet<br \/>\nT\u00e9l. : 04 79 84 30 91<br \/>\nCourriel : <a href=\"mailto:vins@philippegrisard.com\">vins(a)philippegrisard.com<\/a><br \/>\n<a href=\"http:\/\/www.maisonphilippegrisard.com\" target=\"_blank\" rel=\"noopener\">www.maisonphilippegrisard.com<\/a><\/p>\n<h2><span style=\"color: #ff6600;\">B\u00c2TIMENT \/ M\u00c9TALLURGIE<\/span><\/h2>\n<ul>\n<li><span style=\"color: #fa5705;\"><strong>ARTIS PRODUCTION<\/strong><\/span><\/li>\n<\/ul>\n<p><em>Chaudronnerie<\/em><br \/>\n101 rue de la Goanna<br \/>\nT\u00e9l. : 04 79 65 23 10<br \/>\nCourriel\u00a0: <a href=\"mailto:artisprod@orange.fr\">artisprod(a)orange.fr<\/a><\/p>\n<ul>\n<li><span style=\"color: #fa5705;\"><strong>CHARVIN MARCEL<\/strong><\/span><\/li>\n<\/ul>\n<p><em>Ma\u00eetre d\u2019\u0153uvre en b\u00e2timent<\/em><br \/>\n49 chemin de la Bollarde<br \/>\nT\u00e9l. : 04 79 84 08 93 | 06 03 51 13 81<br \/>\nCourriel\u00a0: <a href=\"mailto:marcel.charvin@wanadoo.fr\">marcel.charvin(a)wanadoo.fr<\/a><\/p>\n<ul>\n<li><span style=\"color: #fa5705;\"><strong>DUHEM YVES<\/strong><\/span><\/li>\n<\/ul>\n<p><em>D\u00e9pannages, r\u00e9parations de v\u00e9hicules l\u00e9gers<\/em><br \/>\n806 route de la Carri\u00e8re<br \/>\nT\u00e9l. : 06 09 01 51 47<br \/>\nCourriel : <a href=\"mailto:yves.duhem@sfr.fr\">yves.duhem(a)sfr.fr<\/a><\/p>\n<ul>\n<li><span style=\"color: #fa5705;\"><strong>MARTINS SARL<\/strong><\/span><\/li>\n<\/ul>\n<p><em>Ma\u00e7onnerie g\u00e9n\u00e9rale, terrassement, VRD<\/em><br \/>\n231 rue de la Goanna<br \/>\nT\u00e9l. : 06 64 63 38 89<br \/>\nCourriel : <a href=\"mailto:andremartins67@hotmail.fr\">andremartins67(a)hotmail.fr<\/a><\/p>\n<ul>\n<li><span style=\"color: #fa5705;\"><strong>MENUISERIE PICHON SIBUE SARL<\/strong><\/span><\/li>\n<\/ul>\n<p><em>Menuiserie Bois (fabrication), Alu, PVC, Escaliers bois<\/em><br \/>\n188 route du Four<br \/>\nT\u00e9l. : 06 87 87 14 33<br \/>\nCourriel : <a href=\"mailto:rene.sibue@orange.fr\">rene.sibue(a)orange.fr<\/a><\/p>\n<ul>\n<li><span style=\"color: #fa5705;\"><strong>ROCHET TP<\/strong><\/span><\/li>\n<\/ul>\n<p><em>Travaux de terrassement, r\u00e9seaux, assainissement, d\u00e9molition et am\u00e9nagements ext\u00e9rieurs<\/em><br \/>\n219 Chemin des Araign\u00e9es<br \/>\nT\u00e9l. : 06 75 56 94 42<br \/>\nCourriel : <a href=\"mailto:rochettp@gmail.com\">rochettp(a)gmail.com<\/a><\/p>\n<h2><span style=\"color: #ff6600;\">H\u00c9BERGEMENT \/ RESTAURATION<\/span><\/h2>\n<ul>\n<li><span style=\"color: #fa5705;\"><strong>LA MAISON JAUNE<\/strong><\/span><\/li>\n<\/ul>\n<p><em>Chambres d\u2019h\u00f4tes<\/em><br \/>\n10 chemin du Mont<br \/>\nT\u00e9l. : 04 79 84 12 44<br \/>\nCourriel\u00a0: <a href=\"mailto:frederic.juni@orange.fr\">frederic.juni(a)orange.fr<\/a><br \/>\n<a href=\"http:\/\/www.maisonjaune.net\" target=\"_blank\" rel=\"noopener\">www.maisonjaune.net<\/a><\/p>\n<ul>\n<li><span style=\"color: #fa5705;\"><strong>GITE GENEVIEVE<\/strong><\/span><\/li>\n<\/ul>\n<p><em>Location saisonni\u00e8re de meubl\u00e9<\/em><br \/>\n435 rue du Mont Charvet<br \/>\nT\u00e9l. : 06 60 76 20 61<br \/>\nCourriel : <a href=\"mailto:alphonse.rugiano@wanadoo.fr\">alphonse.rugiano(a)wanadoo.fr<\/a><br \/>\n<a href=\"http:\/\/www.gites-de-france-savoie.com\" target=\"_blank\" rel=\"noopener\">www.gites-de-france-savoie.com<\/a><\/p>\n<ul>\n<li><span style=\"color: #fa5705;\"><strong>L\u2019ECOLIERE<\/strong><\/span><\/li>\n<\/ul>\n<p><em>Chambres d\u2019h\u00f4tes<\/em><br \/>\n88 Chemin du Cheminet<br \/>\nT\u00e9l. : 06 87 51 91 47<br \/>\nCourriel : <a href=\"mailto:sanabria@wanadoo.fr\">sanabria(a)wanadoo.fr<\/a><br \/>\n<a href=\"http:\/\/www.lecoliere73.com\" target=\"_blank\" rel=\"noopener\">www.lecoliere73.com<\/a><\/p>\n<ul>\n<li><span style=\"color: #fa5705;\"><strong>LES TAMARIS<\/strong><\/span><\/li>\n<\/ul>\n<p><em>Maison d\u2019h\u00f4tes<\/em><br \/>\n534 Rue du Mont Charvet<br \/>\nT\u00e9l. : 06 30 90 05 38<br \/>\nCourriel : <a href=\"mailto:contact@tamaris73.com\">contact@tamaris73.com<\/a><br \/>\n<a href=\"https:\/\/www.tamaris73.com\" target=\"_blank\" rel=\"noopener\">www.tamaris73.com<\/a><\/p>\n<ul>\n<li><span style=\"color: #ff6600;\"><strong>LA GRAVINETTE<\/strong><\/span><\/li>\n<\/ul>\n<p>Chambre d&rsquo;h\u00f4tes<br \/>\n35 chemin des Gravines &#8211; Cruet-Ferroux<br \/>\nT\u00e9l. : 06 18 09 92 01<br \/>\nCourriel : <a href=\"mailto:lagravinette73@gmail.com\">lagravinette73(a)gmail.com<\/a><\/p>\n<h2><span style=\"color: #ff6600;\">LOISIRS<\/span><\/h2>\n<ul>\n<li><span style=\"color: #fa5705;\"><strong>ACTIV MOTOR SERVICES<\/strong><\/span><\/li>\n<\/ul>\n<p><em>Ecole moto enfants, garage, vente de motos et de quad<\/em><br \/>\n21 chemin de la Bouvette<br \/>\nT\u00e9l. : 06 09 56 16 66<br \/>\nCourriel : <a href=\"mailto:contact.amsriding@gmail.com\">contact.amsriding(a)gmail.com<\/a><\/p>\n<h2><span style=\"color: #ff6600;\">R\u00c9CEPTION \/ S\u00c9MINAIRES<\/span><\/h2>\n<ul>\n<li><span style=\"color: #fa5705;\"><strong>DOMAINE DU CHATEAU DE LA RIVE<\/strong><\/span><\/li>\n<\/ul>\n<p><em>Ev\u00e9nementiel, location de salles, mariages, s\u00e9minaires<\/em><br \/>\n151 chemin de la Rive<br \/>\nT\u00e9l. : 06 62 59 77 56<br \/>\nCourriel : <a href=\"mailto:traiteur.deux.savoie@orange.fr\">traiteur.deux.savoie(a)orange.fr<\/a><br \/>\n<a href=\"http:\/\/www.chateaudelarive.com\" target=\"_blank\" rel=\"noopener\">www.chateaudelarive.com<\/a><\/p>\n<h2><span style=\"color: #ff6600;\">SERVICES<\/span><\/h2>\n<ul>\n<li><span style=\"color: #fa5705;\"><strong>ADOMTHERMIQUE<\/strong><\/span><\/li>\n<\/ul>\n<p><em>Plomberie, chauffage<\/em><br \/>\n246 route des Iles<br \/>\nT\u00e9l. : 06 18 58 55 20<br \/>\nCourriel : <a href=\"mailto:adomthermique@gmail.com\">adomthermique(a)gmail.com<\/a><br \/>\n<a href=\"http:\/\/www.adomthermique.com\" target=\"_blank\" rel=\"noopener\">www.adomthermique.com<\/a><\/p>\n<ul>\n<li><span style=\"color: #fa5705;\"><strong>AMARILIS<\/strong><\/span><\/li>\n<\/ul>\n<p><em>Conseil, formation, audit Environnement Qualit\u00e9 S\u00e9curit\u00e9 et d\u00e9veloppement durable (RSE)<\/em><br \/>\n268 route de Marocaz<br \/>\nT\u00e9l. : 06 87 25 60 97<br \/>\nCourriel : <a href=\"mailto:ssudan@amarilis-conseil.com\">ssudan(a)amarilis-conseil.com<\/a><\/p>\n<ul>\n<li><span style=\"color: #fa5705;\"><strong>CMS CHRISTOPHE MULTI-SERVICES<\/strong><\/span><\/li>\n<\/ul>\n<p><em>Service \u00e0 la personne, petits travaux de jardinage, travaux de petit bricolage<\/em><br \/>\n59 passage de la Roche Coppet<br \/>\nT\u00e9l. : 06 84 79 58 37<br \/>\nCourriel : <a href=\"mailto:christophe.falquet@gmail.com\">christophe.falquet(a)gmail.com<\/a><\/p>\n<ul>\n<li><span style=\"color: #fa5705;\"><strong>DANIELE DUHEM PERRIER<\/strong><\/span><\/li>\n<\/ul>\n<p><em>Animatrice arts plastiques, auto \u00e9dition de livres et animations par r\u00e9seaux sociaux<\/em><br \/>\n130 impasse de la Nich\u00e9e<br \/>\nT\u00e9l. : 06 80 88 49 26<br \/>\nCourriel : <a href=\"mailto:patamm@wanadoo.fr\">patamm(a)wanadoo.fr<\/a><br \/>\nCha\u00eenes Youtube Studio Patam<\/p>\n<ul>\n<li><span style=\"color: #fa5705;\"><strong>ELEC AVENIR<\/strong><\/span><\/li>\n<\/ul>\n<p><em>\u00c9lectricit\u00e9 g\u00e9n\u00e9rale, particuliers et entreprises, neuf et r\u00e9novation<\/em><br \/>\n88 rue de la baraterie<br \/>\nT\u00e9l. : 06 66 89 26 08<br \/>\nCourriel : <a href=\"mailto:aurelien@elec-avenir.com\">aurelien(a)elec-avenir.com<\/a><br \/>\n<a href=\"http:\/\/www.elec-avenir.com\" target=\"_blank\" rel=\"noopener\">www.elec-avenir.com<\/a><\/p>\n<ul>\n<li><span style=\"color: #fa5705;\"><strong>LUKAS AUTO SARL<\/strong><\/span><\/li>\n<\/ul>\n<p><em>Achat, vente et montage de pneumatiques<\/em><br \/>\n246 route des Iles<br \/>\nT\u00e9l. : 09 66 89 87 56 | 06 51 55 19 49<br \/>\nCourriel : <a href=\"mailto:pneus73@yahoo.fr\">pneus73(a)yahoo.fr<\/a><\/p>\n<ul>\n<li><span style=\"color: #fa5705;\"><strong>RYSTE DECAPAGE<\/strong><\/span><\/li>\n<\/ul>\n<p><em>Traitement et rev\u00eatement de toutes surfaces par sablage, gommage et peinture sur site ou en atelier<\/em><br \/>\n106 rue de la Goanna<br \/>\nT\u00e9l. : 09 71 57 00 83 | 06 07 05 67 80<br \/>\nCourriel : contact(a)ryste.fr<br \/>\n<a href=\"http:\/\/www.ryste.fr\" target=\"_blank\" rel=\"noopener\">www.ryste.fr<\/a><\/p>\n<ul>\n<li><span style=\"color: #fa5705;\"><strong>LE SAVON ALPIN<\/strong><\/span><\/li>\n<\/ul>\n<p><em>Savonnerie artisanale en saponification \u00e0 froid, production et vente de cosm\u00e9tiques naturels<\/em><br \/>\n50 chemin du Mont<br \/>\nT\u00e9l. : 06 52 52 91 19<br \/>\n<a href=\"http:\/\/www.le-savon-alpin.com\" target=\"_blank\" rel=\"noopener\">www.le-savon-alpin.com<\/a><\/p>\n<ul>\n<li><span style=\"color: #fa5705;\"><strong>SEADO SECRETARIAT<\/strong><\/span><\/li>\n<\/ul>\n<p><em>Travaux de secr\u00e9tariat<\/em><br \/>\n455 route du Four<br \/>\nT\u00e9l. : 04 79 84 27 01<br \/>\nCourriel\u00a0: <a href=\"mailto:seado.pinson@laposte.net\">seado.pinson(a)laposte.net<\/a><\/p>\n","protected":false},"excerpt":{"rendered":"<p>Le d\u00e9veloppement durable passe aussi par l\u2019utilisation des ressources locales\u2026et dont des talents sont pr\u00e9sents sur notre territoire ! Voici une liste des acteurs \u00e9conomiques &hellip;<\/p>\n","protected":false},"author":2,"featured_media":0,"parent":0,"menu_order":0,"comment_status":"closed","ping_status":"closed","template":"","meta":{"footnotes":""},"class_list":["post-51","page","type-page","status-publish","hentry"],"_links":{"self":[{"href":"https:\/\/www.cruet.fr\/index.php?rest_route=\/wp\/v2\/pages\/51","targetHints":{"allow":["GET"]}}],"collection":[{"href":"https:\/\/www.cruet.fr\/index.php?rest_route=\/wp\/v2\/pages"}],"about":[{"href":"https:\/\/www.cruet.fr\/index.php?rest_route=\/wp\/v2\/types\/page"}],"author":[{"embeddable":true,"href":"https:\/\/www.cruet.fr\/index.php?rest_route=\/wp\/v2\/users\/2"}],"replies":[{"embeddable":true,"href":"https:\/\/www.cruet.fr\/index.php?rest_route=%2Fwp%2Fv2%2Fcomments&post=51"}],"version-history":[{"count":0,"href":"https:\/\/www.cruet.fr\/index.php?rest_route=\/wp\/v2\/pages\/51\/revisions"}],"wp:attachment":[{"href":"https:\/\/www.cruet.fr\/index.php?rest_route=%2Fwp%2Fv2%2Fmedia&parent=51"}],"curies":[{"name":"wp","href":"https:\/\/api.w.org\/{rel}","templated":true}]}}