{"id":5108,"date":"2024-06-19T16:19:34","date_gmt":"2024-06-19T14:19:34","guid":{"rendered":"http:\/\/www.cruet.fr\/?page_id=5108"},"modified":"2024-06-19T16:36:43","modified_gmt":"2024-06-19T14:36:43","slug":"environnement-dechets","status":"publish","type":"page","link":"https:\/\/www.cruet.fr\/?page_id=5108","title":{"rendered":"Environnement, d\u00e9chets"},"content":{"rendered":"\n\n\n<p style=\"text-align: justify;\"><span style=\"color: #000000;\">La comp\u00e9tence \u00ab d\u00e9chets \u00bb est exerc\u00e9e par la Communaut\u00e9 de Communes Coeur de Savoie.<\/span><\/p>\n<p style=\"text-align: justify;\"><a href=\"https:\/\/www.coeurdesavoie.fr\/4029-dechets.htm\" target=\"_blank\" rel=\"noopener\">D\u00e9chets<\/a><\/p>\n<h2 style=\"text-align: justify;\"><span style=\"color: #ff6600;\">Ordures m\u00e9nag\u00e8res<\/span><\/h2>\n<ul>\n<li><span style=\"color: #fa5705;\">Ramassage le mardi matin (sortir votre poubelle lundi soir)<\/span><\/li>\n<\/ul>\n<p style=\"text-align: left;\">Merci d&rsquo;utiliser des poubelles ferm\u00e9es fournies par la communaut\u00e9 de communes et signaler tout changement de composition de votre foyer afin d&rsquo;ajuster la taille du conteneur.<\/p>\n<h2><span style=\"color: #ff6600;\">Recyclage<\/span><\/h2>\n<p style=\"text-align: left;\">L\u2019\u00e9cole maternelle et primaire, labellis\u00e9e par la distinction europ\u00e9enne \u00ab\u00a0Eco \u00e9cole\u00a0\u00bb pour son travail de concertation men\u00e9 en faveur de l&rsquo;\u00e9cologie, est point de collecte pour les cartouches d\u2019encre usag\u00e9es, les t\u00e9l\u00e9phones portables hors service, les piles, les bouchons en plastique.<\/p>\n<p style=\"text-align: left;\">Pensez que vous avez des petits voisins scolaris\u00e9s \u00e0 l&rsquo;\u00e9cole qui se feraient une joie d&rsquo;apporter vos objets au recyclage pour vous !<\/p>\n<h2><span style=\"color: #ff6600;\">Tri s\u00e9lectif<\/span><\/h2>\n<table style=\"width: 104.488%;\">\n<tbody>\n<tr>\n<td style=\"vertical-align: top; width: 19.7564%;\"><img loading=\"lazy\" decoding=\"async\" class=\"wp-image-5116 size-large alignleft\" src=\"https:\/\/www.cruet.fr\/wp-content\/uploads\/pav-1-1024x705.jpg\" alt=\"\" width=\"726\" height=\"500\" srcset=\"https:\/\/www.cruet.fr\/wp-content\/uploads\/pav-1-1024x705.jpg 1024w, https:\/\/www.cruet.fr\/wp-content\/uploads\/pav-1-300x207.jpg 300w, https:\/\/www.cruet.fr\/wp-content\/uploads\/pav-1-768x529.jpg 768w, https:\/\/www.cruet.fr\/wp-content\/uploads\/pav-1-1536x1058.jpg 1536w, https:\/\/www.cruet.fr\/wp-content\/uploads\/pav-1-2048x1410.jpg 2048w, https:\/\/www.cruet.fr\/wp-content\/uploads\/pav-1-402x277.jpg 402w\" sizes=\"auto, (max-width: 726px) 100vw, 726px\" \/><\/td>\n<td style=\"width: 31.012%; text-align: left; vertical-align: top;\">4 points d&rsquo;apport volontaire (emballages et verre) sont \u00e0 votre disposition :\n<ul>\n<li><span style=\"color: #fa5705;\">\u00e0 la Chapelle<\/span><\/li>\n<li><span style=\"color: #fa5705;\">aux Celli\u00e8res<\/span><\/li>\n<li><span style=\"color: #fa5705;\">\u00e0 la Baraterie<\/span><\/li>\n<li><span style=\"color: #ff6600;\">entre le Chaney et Saint-Laurent<\/span><\/li>\n<\/ul>\n<\/td>\n<\/tr>\n<\/tbody>\n<\/table>\n<p>Merci de ne pas encombrer les poubelles qui se trouvent \u00e0 proximit\u00e9 de bennes de tri avec les d\u00e9chets m\u00e9nagers et de conserver les abords propres.<\/p>\n<p><img loading=\"lazy\" decoding=\"async\" class=\"alignnone wp-image-5114 size-full\" src=\"https:\/\/www.cruet.fr\/wp-content\/uploads\/dechets-consignes-de-tri.png\" alt=\"\" width=\"538\" height=\"748\" srcset=\"https:\/\/www.cruet.fr\/wp-content\/uploads\/dechets-consignes-de-tri.png 538w, https:\/\/www.cruet.fr\/wp-content\/uploads\/dechets-consignes-de-tri-216x300.png 216w\" sizes=\"auto, (max-width: 538px) 100vw, 538px\" \/><\/p>\n<p style=\"text-align: left;\">\u00a0<\/p>\n","protected":false},"excerpt":{"rendered":"<p>La comp\u00e9tence \u00ab d\u00e9chets \u00bb est exerc\u00e9e par la Communaut\u00e9 de Communes Coeur de Savoie. D\u00e9chets Ordures m\u00e9nag\u00e8res Ramassage le mardi matin (sortir votre poubelle &hellip;<\/p>\n","protected":false},"author":2,"featured_media":0,"parent":0,"menu_order":0,"comment_status":"closed","ping_status":"closed","template":"","meta":{"footnotes":""},"class_list":["post-5108","page","type-page","status-publish","hentry"],"_links":{"self":[{"href":"https:\/\/www.cruet.fr\/index.php?rest_route=\/wp\/v2\/pages\/5108","targetHints":{"allow":["GET"]}}],"collection":[{"href":"https:\/\/www.cruet.fr\/index.php?rest_route=\/wp\/v2\/pages"}],"about":[{"href":"https:\/\/www.cruet.fr\/index.php?rest_route=\/wp\/v2\/types\/page"}],"author":[{"embeddable":true,"href":"https:\/\/www.cruet.fr\/index.php?rest_route=\/wp\/v2\/users\/2"}],"replies":[{"embeddable":true,"href":"https:\/\/www.cruet.fr\/index.php?rest_route=%2Fwp%2Fv2%2Fcomments&post=5108"}],"version-history":[{"count":0,"href":"https:\/\/www.cruet.fr\/index.php?rest_route=\/wp\/v2\/pages\/5108\/revisions"}],"wp:attachment":[{"href":"https:\/\/www.cruet.fr\/index.php?rest_route=%2Fwp%2Fv2%2Fmedia&parent=5108"}],"curies":[{"name":"wp","href":"https:\/\/api.w.org\/{rel}","templated":true}]}}