{"id":5212,"date":"2024-09-03T14:52:56","date_gmt":"2024-09-03T12:52:56","guid":{"rendered":"https:\/\/www.cruet.fr\/?page_id=5212"},"modified":"2024-09-03T15:06:44","modified_gmt":"2024-09-03T13:06:44","slug":"le-bac-a-sable","status":"publish","type":"page","link":"https:\/\/www.cruet.fr\/?page_id=5212","title":{"rendered":"Le Bac \u00e0 Sable"},"content":{"rendered":"\n<p class=\"x_MsoNormal\"><b>Le Bac \u00e0 Sable, \u00a0lieu d\u2019accueil enfant parent, <\/b>est g\u00e9r\u00e9 par le centre socioculturel la Partageraie.<b><\/b><\/p>\n<p class=\"x_MsoNormal\">Il s\u2019adresse aux enfants de moins de 4 ans et leur(s) parent(s) ou r\u00e9f\u00e9rent adulte. Il vous offre une pause, une \u00ab\u00a0bulle d\u2019air\u00a0\u00bb, l\u2019occasion de rencontrer d\u2018autres adultes et enfants, de partager un bon moment, d\u2019\u00e9changer.<\/p>\n<p class=\"x_MsoNormal\">L\u2019acc\u00e8s est libre et gratuit.<b><\/b><\/p>\n<p class=\"x_MsoNormal\"><b><u>ACCUEILS mercredi et vendredi entre 9h et 11h<\/u> \u00e0 Saint Pierre d\u2019Albigny <\/b>(local la Combe Noire)<b>\u00a0<u>sauf certains vendredis<\/u><\/b>\u00a0<b>\u00e0 Cruet<\/b>\u00a0(salle des Belledonnes\/salle des f\u00eates) ou \u00e0 la biblioth\u00e8que de St Pierre d\u2019Albigny.<b><\/b><\/p>\n<p class=\"x_MsoNormal\">Voir le programme trimestriel. Fermeture pendant les vacances scolaires.<b><\/b><\/p>\n<p class=\"x_MsoNormal\">Contacts\u00a0: 07.83.01.10.94\u00a0 \/ \u00a0<a href=\"mailto:petite.enfance@lapartageraie.fr\" data-linkindex=\"0\">petite.enfance@lapartageraie.fr<\/a><\/p>\n","protected":false},"excerpt":{"rendered":"<p>Le Bac \u00e0 Sable, \u00a0lieu d\u2019accueil enfant parent, est g\u00e9r\u00e9 par le centre socioculturel la Partageraie. Il s\u2019adresse aux enfants de moins de 4 ans &hellip;<\/p>\n","protected":false},"author":2,"featured_media":0,"parent":0,"menu_order":0,"comment_status":"closed","ping_status":"closed","template":"","meta":{"footnotes":""},"class_list":["post-5212","page","type-page","status-publish","hentry"],"_links":{"self":[{"href":"https:\/\/www.cruet.fr\/index.php?rest_route=\/wp\/v2\/pages\/5212","targetHints":{"allow":["GET"]}}],"collection":[{"href":"https:\/\/www.cruet.fr\/index.php?rest_route=\/wp\/v2\/pages"}],"about":[{"href":"https:\/\/www.cruet.fr\/index.php?rest_route=\/wp\/v2\/types\/page"}],"author":[{"embeddable":true,"href":"https:\/\/www.cruet.fr\/index.php?rest_route=\/wp\/v2\/users\/2"}],"replies":[{"embeddable":true,"href":"https:\/\/www.cruet.fr\/index.php?rest_route=%2Fwp%2Fv2%2Fcomments&post=5212"}],"version-history":[{"count":0,"href":"https:\/\/www.cruet.fr\/index.php?rest_route=\/wp\/v2\/pages\/5212\/revisions"}],"wp:attachment":[{"href":"https:\/\/www.cruet.fr\/index.php?rest_route=%2Fwp%2Fv2%2Fmedia&parent=5212"}],"curies":[{"name":"wp","href":"https:\/\/api.w.org\/{rel}","templated":true}]}}