{"id":53,"date":"2014-09-12T14:27:41","date_gmt":"2014-09-12T13:27:41","guid":{"rendered":"http:\/\/www.cruet.fr\/?page_id=53"},"modified":"2021-10-21T16:32:25","modified_gmt":"2021-10-21T14:32:25","slug":"liens-utiles","status":"publish","type":"page","link":"https:\/\/www.cruet.fr\/?page_id=53","title":{"rendered":"Liens utiles"},"content":{"rendered":"<h1>Communaut\u00e9 de communes Coeur de Savoie<\/h1>\n<p>Place Albert Serraz &#8211; BP 40020 &#8211; 73 802 Montm\u00e9lian<br \/>\nT\u00e9l. : 04 79 84 36 27<br \/>\nCourriel : <a href=\"mailto:secretariat@cc.coeurdesavoie.fr\" target=\"_blank\" rel=\"noopener noreferrer\">secretariat(a)cc.coeurdesavoie.fr<\/a><br \/>\n<a href=\"http:\/\/www.coeurdesavoie.fr\" target=\"_blank\" rel=\"noopener noreferrer\">www.coeurdesavoie.fr<\/a><\/p>\n<h1>Conseil D\u00e9partemental de la Savoie<\/h1>\n<p>H\u00f4tel du D\u00e9partement<br \/>\nCh\u00e2teau des Ducs de Savoie &#8211; BP 1802 &#8211; 73018 Chamb\u00e9ry<br \/>\nT\u00e9l. : 04 79 96 73 73<br \/>\n<a href=\"http:\/\/www.savoie.fr\" target=\"_blank\" rel=\"noopener noreferrer\">www.savoie.fr<\/a><\/p>\n<h1>Info Traffic Savoie<\/h1>\n<p>Direction Interd\u00e9partementale des Routes Centre-Est<br \/>\n228 rue Garibaldi &#8211; 69446 Lyon Cedex 03<br \/>\nT\u00e9l. : 04 69 16 62 00<\/p>\n<h1>Parc des Bauges<\/h1>\n<p>Maison du Parc &#8211; 73630 Le Ch\u00e2telard<br \/>\nT\u00e9l. : 04 79 54 86 40<br \/>\n<a href=\"http:\/\/www.parcdesbauges.com\" target=\"_blank\" rel=\"noopener noreferrer\">www.parcdesbauges.com<\/a><\/p>\n<h1>Pr\u00e9fecture de la Savoie<\/h1>\n<p>Le Ch\u00e2teau Ducs de Savoie &#8211; BP 1801 &#8211; 73018 Chamb\u00e9ry Cedex<br \/>\nT\u00e9l. : 04 79 75 50 00<br \/>\n<a href=\"http:\/\/www.savoie.gouv.fr\" target=\"_blank\" rel=\"noopener noreferrer\">www.savoie.gouv.fr<\/a><\/p>\n<h1>Premiers Secours Fran\u00e7ais<\/h1>\n<p>Premiers Secours 73 &#8211; 327 avenue Georges Cl\u00e9menceau &#8211; 73000 CHAMBERY<br \/>\nT\u00e9l. : 04 79 44 23 96<br \/>\nCourriel : <a href=\"mailto:contact(a)premiers-secours73.fr\" target=\"_blank\" rel=\"noopener noreferrer\">contact(a)premiers-secours73.fr<\/a><\/p>\n<h1>R\u00e9gion Auvergne-Rh\u00f4ne-Alpes<\/h1>\n<p>Espace Rh\u00f4ne-Alpes de Lyon &#8211; 22 rue Grol\u00e9e &#8211; 69002 Lyon<br \/>\nT\u00e9l. : 0 810 004 073<\/p>\n<p><strong>Si\u00e8ge<\/strong><br \/>\n78 route de Paris &#8211; 69260 Charbonni\u00e8res-les-Bains<br \/>\nT\u00e9l. : 04 72 59 40 00<br \/>\n<a href=\"http:\/\/www.rhonealpes.fr\" target=\"_blank\" rel=\"noopener noreferrer\">www.rhonealpes.fr<\/a><\/p>\n<h1>SISARC<\/h1>\n<p>L\u2019Arp\u00e8ge &#8211; 2 avenue des Chasseurs Alpins &#8211; BP 10108<br \/>\n73207 Albertville<br \/>\nT\u00e9l. :\u00a0 04 79 10 48 48<br \/>\nCourriel : <a href=\"mailto:administration@sisarc.fr\" target=\"_blank\" rel=\"noopener noreferrer\">administration(a)sisarc.fr<\/a><br \/>\n<a href=\"http:\/\/www.sisarc.fr\" target=\"_blank\" rel=\"noopener noreferrer\">www.sisarc.fr<\/a><\/p>\n<h1>Le territoire Coeur de Savoie<\/h1>\n<p>Tourisme Coeur de Savoie<br \/>\nPlace des Carmes &#8211; 73110 La Rochette<br \/>\nT\u00e9l. : 04 79 25 53 12<\/p>\n","protected":false},"excerpt":{"rendered":"<p>Communaut\u00e9 de communes Coeur de Savoie Place Albert Serraz &#8211; BP 40020 &#8211; 73 802 Montm\u00e9lian T\u00e9l. : 04 79 84 36 27 Courriel : &hellip;<\/p>\n","protected":false},"author":2,"featured_media":0,"parent":0,"menu_order":0,"comment_status":"closed","ping_status":"closed","template":"","meta":{"footnotes":""},"class_list":["post-53","page","type-page","status-publish","hentry"],"_links":{"self":[{"href":"https:\/\/www.cruet.fr\/index.php?rest_route=\/wp\/v2\/pages\/53","targetHints":{"allow":["GET"]}}],"collection":[{"href":"https:\/\/www.cruet.fr\/index.php?rest_route=\/wp\/v2\/pages"}],"about":[{"href":"https:\/\/www.cruet.fr\/index.php?rest_route=\/wp\/v2\/types\/page"}],"author":[{"embeddable":true,"href":"https:\/\/www.cruet.fr\/index.php?rest_route=\/wp\/v2\/users\/2"}],"replies":[{"embeddable":true,"href":"https:\/\/www.cruet.fr\/index.php?rest_route=%2Fwp%2Fv2%2Fcomments&post=53"}],"version-history":[{"count":0,"href":"https:\/\/www.cruet.fr\/index.php?rest_route=\/wp\/v2\/pages\/53\/revisions"}],"wp:attachment":[{"href":"https:\/\/www.cruet.fr\/index.php?rest_route=%2Fwp%2Fv2%2Fmedia&parent=53"}],"curies":[{"name":"wp","href":"https:\/\/api.w.org\/{rel}","templated":true}]}}