{"id":79,"date":"2014-09-12T14:33:05","date_gmt":"2014-09-12T13:33:05","guid":{"rendered":"http:\/\/www.cruet.fr\/?page_id=79"},"modified":"2025-11-25T15:51:52","modified_gmt":"2025-11-25T14:51:52","slug":"les-activites-periscolaires","status":"publish","type":"page","link":"https:\/\/www.cruet.fr\/?page_id=79","title":{"rendered":"Le p\u00e9riscolaire"},"content":{"rendered":"<h2 style=\"text-align: left;\"><span style=\"color: #ff6600;\">La garderie et le restaurant scolaire<\/span><\/h2>\n<p>L\u2019accueil est un service g\u00e9r\u00e9 par la Commune de Cruet.<\/p>\n<p>Pour tous renseignements, vous pouvez vous adresser \u00e0 la coordinatrice p\u00e9riscolaire par mail : <b>periscolaire@cruet.fr\u00a0<\/b><\/p>\n<p><strong>Les horaires d&rsquo;ouverture du service sont les suivants<\/strong> :<\/p>\n<ul style=\"text-align: left;\">\n<li><span style=\"color: #fa5705;\">Le matin de 7h30 \u00e0 8h20 les lundis, mardis, jeudis et vendredis<\/span><\/li>\n<li><span style=\"color: #fa5705;\">Le soir de 16h30 \u00e0 18h30 les lundis, mardis, jeudis et vendredis<\/span><\/li>\n<li><span style=\"color: #fa5705;\">Le restaurant scolaire fonctionne tous les lundis, mardis, jeudis et vendredis de 11h30 \u00e0 13h20.<\/span><\/li>\n<\/ul>\n<blockquote><p><a href=\"https:\/\/www.cruet.fr\/wp-content\/uploads\/Reglement-interieur-periscolaire-.pdf\" target=\"_blank\" rel=\"noopener\"><strong>R\u00e8glement de la cantine et de la garderie 2023\/2024<\/strong><\/a><\/p>\n<p><a href=\"https:\/\/www.cruet.fr\/wp-content\/uploads\/PROJET-PEDAGOGIQUE.pdf\" target=\"_blank\" rel=\"noopener noreferrer\">Projet p\u00e9dagogique 2021\/2022<\/a><\/p><\/blockquote>\n<p style=\"text-align: left;\">Les tarifs sont fix\u00e9s par le conseil municipal. Ils sont appliqu\u00e9s en fonction des revenus familiaux d\u2019apr\u00e8s le quotient familial. Le chiffre du quotient familial est obligatoire pour \u00e9tablir la facturation, en l\u2019absence de d\u00e9livrance de celui-ci, le tarif le plus \u00e9lev\u00e9 sera factur\u00e9 aux parents.<\/p>\n<p style=\"text-align: left;\"><em><span style=\"color: #8f8f8f;\">Tarifs pour la rentr\u00e9e 2025\/2026 \u00e0 compter du 1er novembre 2025 pour une heure, toute heure commenc\u00e9e est due.<\/span><\/em><\/p>\n<table class=\"tab\" style=\"height: 125px;\" border=\"0\" width=\"533\" cellspacing=\"0\" cellpadding=\"0\">\n<tbody>\n<tr style=\"border-color: #ffffff; background-color: #fa5705;\">\n<td class=\"tab\" style=\"width: 35px; height: 22px; text-align: center; vertical-align: middle;\" valign=\"top\" width=\"84\"><span style=\"color: #ffffff;\"><strong>Tranche<\/strong><\/span><\/td>\n<td class=\"tab\" style=\"width: 84px; height: 22px; vertical-align: middle; text-align: center;\" valign=\"top\" width=\"114\"><span style=\"color: #ffffff;\"><strong>Quotient familial<\/strong><\/span><\/td>\n<td class=\"tab\" style=\"width: 84px; height: 22px; vertical-align: middle; text-align: center;\" valign=\"top\" width=\"60\"><span style=\"color: #ffffff;\"><strong>Tarif horaire garderie **<\/strong><\/span><\/td>\n<td class=\"tab\" style=\"width: 84px; height: 22px; vertical-align: middle; text-align: center;\" valign=\"top\" width=\"60\"><span style=\"color: #ffffff;\"><strong>Tarif cantine *<\/strong><\/span><\/td>\n<\/tr>\n<tr style=\"border-color: #ffffff; background-color: #d1d1d1;\">\n<td class=\"tab\" style=\"width: 35px; height: 22px; text-align: center; vertical-align: middle; background-color: #fa5705;\" valign=\"top\" width=\"84\"><span style=\"color: #ffffff;\">1<\/span><\/td>\n<td class=\"tab\" style=\"width: 84px; height: 22px; vertical-align: middle; text-align: center; background-color: #cccccc;\" valign=\"top\" width=\"114\">0\/499 \u20ac<\/td>\n<td class=\"tab\" style=\"width: 84px; height: 22px; vertical-align: middle; text-align: center; background-color: #cccccc;\" valign=\"top\" width=\"60\">0,87 \u20ac<\/td>\n<td class=\"tab\" style=\"width: 84px; height: 22px; vertical-align: middle; text-align: center; background-color: #cccccc;\" valign=\"top\" width=\"60\">3,80 \u20ac<\/td>\n<\/tr>\n<tr style=\"border-color: #ffffff; background-color: #d1d1d1;\">\n<td class=\"tab\" style=\"width: 35px; height: 22px; text-align: center; vertical-align: middle; background-color: #fa5705;\" valign=\"top\" width=\"84\"><span style=\"color: #ffffff;\">2<\/span><\/td>\n<td class=\"tab\" style=\"width: 84px; height: 22px; vertical-align: middle; text-align: center; background-color: #cccccc;\" valign=\"top\" width=\"114\">500\/799 \u20ac<\/td>\n<td class=\"tab\" style=\"width: 84px; height: 22px; vertical-align: middle; text-align: center; background-color: #cccccc;\" valign=\"top\" width=\"60\">1,53 \u20ac<\/td>\n<td class=\"tab\" style=\"width: 84px; height: 22px; vertical-align: middle; text-align: center; background-color: #cccccc;\" valign=\"top\" width=\"60\">4,40 \u20ac<\/td>\n<\/tr>\n<tr style=\"border-color: #ffffff; background-color: #d1d1d1;\">\n<td class=\"tab\" style=\"width: 35px; height: 22px; text-align: center; vertical-align: middle; background-color: #fa5705;\" valign=\"top\" width=\"84\"><span style=\"color: #ffffff;\">3<\/span><\/td>\n<td class=\"tab\" style=\"width: 84px; height: 22px; vertical-align: middle; text-align: center; background-color: #cccccc;\" valign=\"top\" width=\"114\">800\/1099 \u20ac<\/td>\n<td class=\"tab\" style=\"width: 84px; height: 22px; vertical-align: middle; text-align: center; background-color: #cccccc;\" valign=\"top\" width=\"60\">1,73 \u20ac<\/td>\n<td class=\"tab\" style=\"width: 84px; height: 22px; vertical-align: middle; text-align: center; background-color: #cccccc;\" valign=\"top\" width=\"60\">4,86 \u20ac<\/td>\n<\/tr>\n<tr style=\"border-color: #ffffff; background-color: #d1d1d1;\">\n<td class=\"tab\" style=\"width: 35px; height: 22px; text-align: center; vertical-align: middle; background-color: #fa5705;\" valign=\"top\" width=\"84\"><span style=\"color: #ffffff;\">4<\/span><\/td>\n<td class=\"tab\" style=\"width: 84px; height: 22px; vertical-align: middle; text-align: center; background-color: #cccccc;\" valign=\"top\" width=\"114\">1100\/1299 \u20ac<\/td>\n<td class=\"tab\" style=\"width: 84px; height: 22px; vertical-align: middle; text-align: center; background-color: #cccccc;\" valign=\"top\" width=\"60\">1,91 \u20ac<\/td>\n<td class=\"tab\" style=\"width: 84px; height: 22px; vertical-align: middle; text-align: center; background-color: #cccccc;\" valign=\"top\" width=\"60\">5,34 \u20ac<\/td>\n<\/tr>\n<tr style=\"border-color: #ffffff; background-color: #d1d1d1;\">\n<td class=\"tab\" style=\"width: 35px; height: 22px; text-align: center; vertical-align: middle; background-color: #fa5705;\" valign=\"top\" width=\"84\"><span style=\"color: #ffffff;\">5<\/span><\/td>\n<td class=\"tab\" style=\"width: 84px; height: 22px; vertical-align: middle; text-align: center; background-color: #cccccc;\" valign=\"top\" width=\"114\">1300\/1599 \u20ac<\/td>\n<td class=\"tab\" style=\"width: 84px; height: 22px; vertical-align: middle; text-align: center; background-color: #cccccc;\" valign=\"top\" width=\"60\">2,14 \u20ac<\/td>\n<td class=\"tab\" style=\"width: 84px; height: 22px; vertical-align: middle; text-align: center; background-color: #cccccc;\" valign=\"top\" width=\"60\">5,80 \u20ac<\/td>\n<\/tr>\n<tr>\n<td style=\"width: 35px; text-align: center; vertical-align: middle; background-color: #fa5705;\"><span style=\"color: #ffffff;\">6<\/span><\/td>\n<td style=\"width: 84px; vertical-align: middle; text-align: center; background-color: #cccccc;\">1600\/1999 \u20ac<\/td>\n<td style=\"width: 84px; vertical-align: middle; text-align: center; background-color: #cccccc;\">2,32\u20ac<\/td>\n<td style=\"width: 84px; vertical-align: middle; text-align: center; background-color: #cccccc;\">6,25\u20ac<\/td>\n<\/tr>\n<tr>\n<td style=\"width: 35px; text-align: center; vertical-align: middle; background-color: #fa5705;\"><span style=\"color: #ffffff;\">7<\/span><\/td>\n<td style=\"width: 84px; vertical-align: middle; text-align: center; background-color: #cccccc;\">+ 2000 \u20ac<\/td>\n<td style=\"width: 84px; vertical-align: middle; text-align: center; background-color: #cccccc;\">2,52 \u20ac<\/td>\n<td style=\"width: 84px; vertical-align: middle; text-align: center; background-color: #cccccc;\">6,41 \u20ac<\/td>\n<\/tr>\n<\/tbody>\n<\/table>\n<p style=\"text-align: left;\">(*) Tarif unique de 6,73 \u20ac pour les enfants pr\u00e9sents \u00e0 la cantine sans r\u00e9servation pr\u00e9alable (sous r\u00e9serve de place disponible). Application du tarif de la 7\u00e8me tranche pour les intervenants ext\u00e9rieurs soit 6,41 \u20ac. 5,13 \u20ac pour les agents de la commune.<\/p>\n<p>(**) Tarif horaire pour les enfants pr\u00e9sents sans r\u00e9servation pr\u00e9alable : 2,67 \u20ac (sous r\u00e9serve de place disponible).<\/p>\n<h4 style=\"text-align: left;\"><span style=\"color: #ff6600;\">Accueil p\u00e9riscolaire num\u00e9rique<\/span><\/h4>\n<p style=\"text-align: left;\">A compter de la rentr\u00e9e de septembre 2021, toutes les r\u00e9servations p\u00e9riscolaires se feront sur le portail famille de la commune, accessible sur t\u00e9l\u00e9phone portable, tablette ou ordinateur via le lien suivant :<\/p>\n<p style=\"text-align: left;\"><a href=\"https:\/\/portail.berger-levrault.fr\/MairieCruet73800\/accueil\" target=\"_blank\" rel=\"noopener noreferrer\" data-linkindex=\"0\">https:\/\/portail.berger-levrault.fr\/MairieCruet73800\/accueil<\/a><\/p>\n","protected":false},"excerpt":{"rendered":"<p>La garderie et le restaurant scolaire L\u2019accueil est un service g\u00e9r\u00e9 par la Commune de Cruet. Pour tous renseignements, vous pouvez vous adresser \u00e0 la &hellip;<\/p>\n","protected":false},"author":2,"featured_media":0,"parent":0,"menu_order":0,"comment_status":"closed","ping_status":"closed","template":"","meta":{"footnotes":""},"class_list":["post-79","page","type-page","status-publish","hentry"],"_links":{"self":[{"href":"https:\/\/www.cruet.fr\/index.php?rest_route=\/wp\/v2\/pages\/79","targetHints":{"allow":["GET"]}}],"collection":[{"href":"https:\/\/www.cruet.fr\/index.php?rest_route=\/wp\/v2\/pages"}],"about":[{"href":"https:\/\/www.cruet.fr\/index.php?rest_route=\/wp\/v2\/types\/page"}],"author":[{"embeddable":true,"href":"https:\/\/www.cruet.fr\/index.php?rest_route=\/wp\/v2\/users\/2"}],"replies":[{"embeddable":true,"href":"https:\/\/www.cruet.fr\/index.php?rest_route=%2Fwp%2Fv2%2Fcomments&post=79"}],"version-history":[{"count":0,"href":"https:\/\/www.cruet.fr\/index.php?rest_route=\/wp\/v2\/pages\/79\/revisions"}],"wp:attachment":[{"href":"https:\/\/www.cruet.fr\/index.php?rest_route=%2Fwp%2Fv2%2Fmedia&parent=79"}],"curies":[{"name":"wp","href":"https:\/\/api.w.org\/{rel}","templated":true}]}}