{"id":83,"date":"2014-09-12T14:34:19","date_gmt":"2014-09-12T13:34:19","guid":{"rendered":"http:\/\/www.cruet.fr\/?page_id=83"},"modified":"2022-01-21T16:37:56","modified_gmt":"2022-01-21T15:37:56","slug":"centre-de-loisirs-extrascolaire","status":"publish","type":"page","link":"https:\/\/www.cruet.fr\/?page_id=83","title":{"rendered":"Jeunesse 11-18 ans"},"content":{"rendered":"<h2 style=\"text-align: left;\"><span style=\"color: #ff6600;\"><strong>Un centre de loisirs pour les vacances scolaires<\/strong><\/span><\/h2>\n<p style=\"text-align: left;\">Pendant les p\u00e9riodes de vacances scolaires (except\u00e9es celles des f\u00eates de fin d\u2019ann\u00e9e), l\u2019Association Cantonale d\u2019Animation propose un accueil de loisirs pour les enfants de 3 \u00e0 11 ans&#8230; ainsi que pour les jeunes de 11 \u00e0 18 ans : toutes les informations sont disponibles sur le site de l\u2019ACA <a href=\"http:\/\/aca-combedesavoie.fr\" target=\"_blank\" rel=\"noopener noreferrer\">http:\/\/aca-combedesavoie.fr<\/a> ou par t\u00e9l\u00e9phone au <strong>04 79 28 58 21<\/strong>.<\/p>\n","protected":false},"excerpt":{"rendered":"<p>Un centre de loisirs pour les vacances scolaires Pendant les p\u00e9riodes de vacances scolaires (except\u00e9es celles des f\u00eates de fin d\u2019ann\u00e9e), l\u2019Association Cantonale d\u2019Animation propose &hellip;<\/p>\n","protected":false},"author":2,"featured_media":0,"parent":0,"menu_order":0,"comment_status":"closed","ping_status":"closed","template":"","meta":{"footnotes":""},"class_list":["post-83","page","type-page","status-publish","hentry"],"_links":{"self":[{"href":"https:\/\/www.cruet.fr\/index.php?rest_route=\/wp\/v2\/pages\/83","targetHints":{"allow":["GET"]}}],"collection":[{"href":"https:\/\/www.cruet.fr\/index.php?rest_route=\/wp\/v2\/pages"}],"about":[{"href":"https:\/\/www.cruet.fr\/index.php?rest_route=\/wp\/v2\/types\/page"}],"author":[{"embeddable":true,"href":"https:\/\/www.cruet.fr\/index.php?rest_route=\/wp\/v2\/users\/2"}],"replies":[{"embeddable":true,"href":"https:\/\/www.cruet.fr\/index.php?rest_route=%2Fwp%2Fv2%2Fcomments&post=83"}],"version-history":[{"count":0,"href":"https:\/\/www.cruet.fr\/index.php?rest_route=\/wp\/v2\/pages\/83\/revisions"}],"wp:attachment":[{"href":"https:\/\/www.cruet.fr\/index.php?rest_route=%2Fwp%2Fv2%2Fmedia&parent=83"}],"curies":[{"name":"wp","href":"https:\/\/api.w.org\/{rel}","templated":true}]}}